{"id":10,"date":"2024-05-12T14:41:59","date_gmt":"2024-05-12T12:41:59","guid":{"rendered":"https:\/\/srise.informatica.uned.es\/observatorio\/?page_id=10"},"modified":"2024-10-30T11:12:49","modified_gmt":"2024-10-30T10:12:49","slug":"recursos","status":"publish","type":"page","link":"https:\/\/srise.informatica.uned.es\/observatorio\/recursos\/","title":{"rendered":"Recursos"},"content":{"rendered":"\t\t<div data-elementor-type=\"wp-page\" data-elementor-id=\"10\" class=\"elementor elementor-10\">\n\t\t\t\t<div class=\"elementor-element elementor-element-18ede83c e-flex e-con-boxed e-con e-parent\" data-id=\"18ede83c\" data-element_type=\"container\" data-e-type=\"container\">\n\t\t\t\t\t<div class=\"e-con-inner\">\n\t\t\t\t<div class=\"elementor-element elementor-element-150b3af1 elementor-widget elementor-widget-text-editor\" data-id=\"150b3af1\" data-element_type=\"widget\" data-e-type=\"widget\" data-widget_type=\"text-editor.default\">\n\t\t\t\t<div class=\"elementor-widget-container\">\n\t\t\t\t\t\t\t\t\t<p><\/p>\n<p><span style=\"color: #5b1200;\">El Observatorio administra una cantidad apreciable de recursos tanto inform\u00e1ticos como\u00a0<span style=\"font-style: inherit; font-weight: inherit; font-family: var( --e-global-typography-text-font-family ), Sans-serif; text-align: var(--text-align); background-color: var(--ast-global-color-5);\">humanos, y tiene como funci\u00f3n misional: enmarcar la pol\u00edtica de permanencia institucional dentro\u00a0<\/span><span style=\"font-style: inherit; font-weight: inherit; font-family: var( --e-global-typography-text-font-family ), Sans-serif; text-align: var(--text-align); background-color: var(--ast-global-color-5);\">de una cultura del uso de la informaci\u00f3n y la evaluaci\u00f3n, entregando informaci\u00f3n oportuna y de\u00a0<\/span><span style=\"font-style: inherit; font-weight: inherit; font-family: var( --e-global-typography-text-font-family ), Sans-serif; text-align: var(--text-align); background-color: var(--ast-global-color-5);\">calidad que oriente la definici\u00f3n y ajuste de las estrategias de intervenci\u00f3n.<\/span><\/span><\/p>\n<p><span style=\"color: #5b1200;\"><\/span><\/p>\n<p><span style=\"color: #5b1200;\"><\/span><\/p>\n<p><span style=\"color: #5b1200;\">Desde aqu\u00ed se podr\u00e1 acceder a los distintos recursos que implica el Observatorio de la C\u00e1tedra Internacional &#8220;Smart Rural IoT and Secured Environments&#8221;.<\/span><\/p>\n<ol>\n<li><a href=\"https:\/\/srise.informatica.uned.es\/observatorio\/recursos\/guias\/\">Gu\u00edas<\/a><\/li>\n<li><a href=\"https:\/\/srise.informatica.uned.es\/observatorio\/recursos\/herramientas\/\">Herramientas<\/a><\/li>\n<li><a href=\"https:\/\/srise.informatica.uned.es\/observatorio\/boletines\/\">Boletines<\/a><\/li>\n<\/ol>\n<p><\/p>\t\t\t\t\t\t\t\t<\/div>\n\t\t\t\t<\/div>\n\t\t\t\t\t<\/div>\n\t\t\t\t<\/div>\n\t\t<div class=\"elementor-element elementor-element-d73dc8e e-flex e-con-boxed e-con e-parent\" data-id=\"d73dc8e\" data-element_type=\"container\" data-e-type=\"container\">\n\t\t\t\t\t<div class=\"e-con-inner\">\n\t\t\t\t<div class=\"elementor-element elementor-element-8934c69 elementor-widget elementor-widget-neuros_heading\" data-id=\"8934c69\" data-element_type=\"widget\" data-e-type=\"widget\" data-widget_type=\"neuros_heading.default\">\n\t\t\t\t<div class=\"elementor-widget-container\">\n\t\t\t\t\t<div class=\"neuros-heading-widget\"><h2 class=\"neuros-heading\"><span class=\"neuros-subheading\">informes de la C\u00e1tedra<\/span><span class=\"neuros-heading-content has_gradient_color_text\">\n\n\n\n<span style=\"color: #f96f4c\">Gu\u00edas<\/span>\n\n\n\n<\/span><\/h2><\/div>\t\t\t\t<\/div>\n\t\t\t\t<\/div>\n\t\t<div class=\"elementor-element elementor-element-206daae e-con-full e-flex e-con e-child\" data-id=\"206daae\" data-element_type=\"container\" data-e-type=\"container\">\n\t\t\t\t<div class=\"elementor-element elementor-element-b5d60cc listing-pagination-border-style-gradient listing-pagination-background-style-solid elementor-widget elementor-widget-neuros_blog_listing\" data-id=\"b5d60cc\" data-element_type=\"widget\" data-e-type=\"widget\" data-widget_type=\"neuros_blog_listing.default\">\n\t\t\t\t<div class=\"elementor-widget-container\">\n\t\t\t\t\t\n        <div class=\"archive-listing\" data-ajax='{&quot;post_type&quot;:&quot;post&quot;,&quot;posts_per_page&quot;:3,&quot;orderby&quot;:&quot;date&quot;,&quot;order&quot;:&quot;desc&quot;,&quot;paged&quot;:1,&quot;category_name&quot;:&quot;guia&quot;,&quot;tag&quot;:&quot;&quot;,&quot;post__in&quot;:&quot;&quot;,&quot;ignore_sticky_posts&quot;:false,&quot;link_base&quot;:&quot;https:\\\/\\\/srise.informatica.uned.es\\\/observatorio\\\/wp-json\\\/wp\\\/v2\\\/pages\\\/10&quot;}' data-widget='{&quot;listing_type&quot;:&quot;list&quot;,&quot;excerpt_length&quot;:190,&quot;show_cat&quot;:&quot;yes&quot;,&quot;show_media&quot;:&quot;yes&quot;,&quot;show_author&quot;:&quot;&quot;,&quot;show_date&quot;:&quot;yes&quot;,&quot;show_title&quot;:&quot;yes&quot;,&quot;show_tags&quot;:&quot;no&quot;,&quot;show_excerpt&quot;:&quot;yes&quot;,&quot;show_read_more&quot;:&quot;yes&quot;,&quot;read_more_text&quot;:&quot;Read More&quot;,&quot;columns_number&quot;:1,&quot;show_pagination&quot;:&quot;yes&quot;,&quot;item_class&quot;:&quot;post list-item-wrapper&quot;}'>\n            <div class=\"archive-listing-wrapper list-listing\">\n                            <\/div>\n\n                    <\/div>\n        \t\t\t\t<\/div>\n\t\t\t\t<\/div>\n\t\t\t\t<\/div>\n\t\t\t\t\t<\/div>\n\t\t\t\t<\/div>\n\t\t<div class=\"elementor-element elementor-element-1677cc6 e-flex e-con-boxed e-con e-parent\" data-id=\"1677cc6\" data-element_type=\"container\" data-e-type=\"container\">\n\t\t\t\t\t<div class=\"e-con-inner\">\n\t\t\t\t<div class=\"elementor-element elementor-element-941b688 elementor-widget elementor-widget-neuros_heading\" data-id=\"941b688\" data-element_type=\"widget\" data-e-type=\"widget\" data-widget_type=\"neuros_heading.default\">\n\t\t\t\t<div class=\"elementor-widget-container\">\n\t\t\t\t\t<div class=\"neuros-heading-widget\"><h2 class=\"neuros-heading\"><span class=\"neuros-subheading\">informes de la C\u00e1tedra<\/span><span class=\"neuros-heading-content has_gradient_color_text\">\n\n\n\n<span style=\"color: #f96f4c\">Herramientas<\/span>\n\n\n\n<\/span><\/h2><\/div>\t\t\t\t<\/div>\n\t\t\t\t<\/div>\n\t\t<div class=\"elementor-element elementor-element-4c77819 e-con-full e-flex e-con e-child\" data-id=\"4c77819\" data-element_type=\"container\" data-e-type=\"container\">\n\t\t\t\t<div class=\"elementor-element elementor-element-bd37327 listing-pagination-border-style-gradient listing-pagination-background-style-solid elementor-widget elementor-widget-neuros_blog_listing\" data-id=\"bd37327\" data-element_type=\"widget\" data-e-type=\"widget\" data-widget_type=\"neuros_blog_listing.default\">\n\t\t\t\t<div class=\"elementor-widget-container\">\n\t\t\t\t\t\n        <div class=\"archive-listing\" data-ajax='{&quot;post_type&quot;:&quot;post&quot;,&quot;posts_per_page&quot;:3,&quot;orderby&quot;:&quot;date&quot;,&quot;order&quot;:&quot;desc&quot;,&quot;paged&quot;:1,&quot;category_name&quot;:&quot;herramienta&quot;,&quot;tag&quot;:&quot;&quot;,&quot;post__in&quot;:&quot;&quot;,&quot;ignore_sticky_posts&quot;:false,&quot;link_base&quot;:&quot;https:\\\/\\\/srise.informatica.uned.es\\\/observatorio\\\/wp-json\\\/wp\\\/v2\\\/pages\\\/10&quot;}' data-widget='{&quot;listing_type&quot;:&quot;list&quot;,&quot;excerpt_length&quot;:190,&quot;show_cat&quot;:&quot;yes&quot;,&quot;show_media&quot;:&quot;yes&quot;,&quot;show_author&quot;:&quot;&quot;,&quot;show_date&quot;:&quot;yes&quot;,&quot;show_title&quot;:&quot;yes&quot;,&quot;show_tags&quot;:&quot;no&quot;,&quot;show_excerpt&quot;:&quot;yes&quot;,&quot;show_read_more&quot;:&quot;yes&quot;,&quot;read_more_text&quot;:&quot;Read More&quot;,&quot;columns_number&quot;:1,&quot;show_pagination&quot;:&quot;yes&quot;,&quot;item_class&quot;:&quot;post list-item-wrapper&quot;}'>\n            <div class=\"archive-listing-wrapper list-listing\">\n                            <\/div>\n\n                    <\/div>\n        \t\t\t\t<\/div>\n\t\t\t\t<\/div>\n\t\t\t\t<\/div>\n\t\t\t\t\t<\/div>\n\t\t\t\t<\/div>\n\t\t<div class=\"elementor-element elementor-element-957e68d e-flex e-con-boxed e-con e-parent\" data-id=\"957e68d\" data-element_type=\"container\" data-e-type=\"container\">\n\t\t\t\t\t<div class=\"e-con-inner\">\n\t\t\t\t<div class=\"elementor-element elementor-element-78491cb elementor-widget elementor-widget-neuros_heading\" data-id=\"78491cb\" data-element_type=\"widget\" data-e-type=\"widget\" data-widget_type=\"neuros_heading.default\">\n\t\t\t\t<div class=\"elementor-widget-container\">\n\t\t\t\t\t<div class=\"neuros-heading-widget\"><h2 class=\"neuros-heading\"><span class=\"neuros-subheading\">informes de la C\u00e1tedra<\/span><span class=\"neuros-heading-content has_gradient_color_text\">\n\n\n\n<span style=\"color: #f96f4c\">Boletines<\/span>\n\n\n\n<\/span><\/h2><\/div>\t\t\t\t<\/div>\n\t\t\t\t<\/div>\n\t\t\t\t<div class=\"elementor-element elementor-element-b743117 listing-pagination-border-style-gradient listing-pagination-background-style-solid elementor-widget elementor-widget-neuros_blog_listing\" data-id=\"b743117\" data-element_type=\"widget\" data-e-type=\"widget\" data-widget_type=\"neuros_blog_listing.default\">\n\t\t\t\t<div class=\"elementor-widget-container\">\n\t\t\t\t\t\n        <div class=\"archive-listing\" data-ajax='{&quot;post_type&quot;:&quot;post&quot;,&quot;posts_per_page&quot;:3,&quot;orderby&quot;:&quot;date&quot;,&quot;order&quot;:&quot;desc&quot;,&quot;paged&quot;:1,&quot;category_name&quot;:&quot;boletin&quot;,&quot;tag&quot;:&quot;&quot;,&quot;post__in&quot;:&quot;&quot;,&quot;ignore_sticky_posts&quot;:false,&quot;link_base&quot;:&quot;https:\\\/\\\/srise.informatica.uned.es\\\/observatorio\\\/wp-json\\\/wp\\\/v2\\\/pages\\\/10&quot;}' data-widget='{&quot;listing_type&quot;:&quot;list&quot;,&quot;excerpt_length&quot;:190,&quot;show_cat&quot;:&quot;yes&quot;,&quot;show_media&quot;:&quot;yes&quot;,&quot;show_author&quot;:&quot;&quot;,&quot;show_date&quot;:&quot;yes&quot;,&quot;show_title&quot;:&quot;yes&quot;,&quot;show_tags&quot;:&quot;no&quot;,&quot;show_excerpt&quot;:&quot;yes&quot;,&quot;show_read_more&quot;:&quot;yes&quot;,&quot;read_more_text&quot;:&quot;Read More&quot;,&quot;columns_number&quot;:1,&quot;show_pagination&quot;:&quot;yes&quot;,&quot;item_class&quot;:&quot;post list-item-wrapper&quot;}'>\n            <div class=\"archive-listing-wrapper list-listing\">\n                            <\/div>\n\n                    <\/div>\n        \t\t\t\t<\/div>\n\t\t\t\t<\/div>\n\t\t\t\t\t<\/div>\n\t\t\t\t<\/div>\n\t\t<div class=\"elementor-element elementor-element-870b037 e-flex e-con-boxed e-con e-parent\" data-id=\"870b037\" data-element_type=\"container\" data-e-type=\"container\">\n\t\t\t\t\t<div class=\"e-con-inner\">\n\t\t\t\t<div class=\"elementor-element elementor-element-94caf59 elementor-widget elementor-widget-text-editor\" data-id=\"94caf59\" data-element_type=\"widget\" data-e-type=\"widget\" data-widget_type=\"text-editor.default\">\n\t\t\t\t<div class=\"elementor-widget-container\">\n\t\t\t\t\t\t\t\t\t<h5 style=\"text-align: center;\"><span style=\"color: #f96f4c;\">\u00daltimos recursos del Observatorio<\/span><\/h5>\t\t\t\t\t\t\t\t<\/div>\n\t\t\t\t<\/div>\n\t\t\t\t\t<\/div>\n\t\t\t\t<\/div>\n\t\t<div class=\"elementor-element elementor-element-43a60ee e-flex e-con-boxed e-con e-parent\" data-id=\"43a60ee\" data-element_type=\"container\" data-e-type=\"container\">\n\t\t\t\t\t<div class=\"e-con-inner\">\n\t\t\t\t\t<\/div>\n\t\t\t\t<\/div>\n\t\t<div class=\"elementor-element elementor-element-e22d295 e-flex e-con-boxed e-con e-parent\" data-id=\"e22d295\" data-element_type=\"container\" data-e-type=\"container\">\n\t\t\t\t\t<div class=\"e-con-inner\">\n\t\t\t\t\t<\/div>\n\t\t\t\t<\/div>\n\t\t\t\t<\/div>\n\t\t","protected":false},"excerpt":{"rendered":"<p>El Observatorio administra una cantidad apreciable de recursos tanto inform\u00e1ticos como\u00a0humanos, y tiene como funci\u00f3n misional: enmarcar la pol\u00edtica de permanencia institucional dentro\u00a0de una cultura del uso de la informaci\u00f3n y la evaluaci\u00f3n, entregando informaci\u00f3n oportuna y de\u00a0calidad que oriente la&#8230;<\/p>\n","protected":false},"author":6,"featured_media":0,"parent":0,"menu_order":0,"comment_status":"closed","ping_status":"closed","template":"","meta":{"footnotes":""},"class_list":["post-10","page","type-page","status-publish","hentry"],"_links":{"self":[{"href":"https:\/\/srise.informatica.uned.es\/observatorio\/wp-json\/wp\/v2\/pages\/10","targetHints":{"allow":["GET"]}}],"collection":[{"href":"https:\/\/srise.informatica.uned.es\/observatorio\/wp-json\/wp\/v2\/pages"}],"about":[{"href":"https:\/\/srise.informatica.uned.es\/observatorio\/wp-json\/wp\/v2\/types\/page"}],"author":[{"embeddable":true,"href":"https:\/\/srise.informatica.uned.es\/observatorio\/wp-json\/wp\/v2\/users\/6"}],"replies":[{"embeddable":true,"href":"https:\/\/srise.informatica.uned.es\/observatorio\/wp-json\/wp\/v2\/comments?post=10"}],"version-history":[{"count":53,"href":"https:\/\/srise.informatica.uned.es\/observatorio\/wp-json\/wp\/v2\/pages\/10\/revisions"}],"predecessor-version":[{"id":29676,"href":"https:\/\/srise.informatica.uned.es\/observatorio\/wp-json\/wp\/v2\/pages\/10\/revisions\/29676"}],"wp:attachment":[{"href":"https:\/\/srise.informatica.uned.es\/observatorio\/wp-json\/wp\/v2\/media?parent=10"}],"curies":[{"name":"wp","href":"https:\/\/api.w.org\/{rel}","templated":true}]}}