{"id":16,"date":"2024-05-12T15:24:20","date_gmt":"2024-05-12T13:24:20","guid":{"rendered":"https:\/\/srise.informatica.uned.es\/observatorio\/?page_id=16"},"modified":"2026-01-27T11:52:36","modified_gmt":"2026-01-27T10:52:36","slug":"guias","status":"publish","type":"page","link":"https:\/\/srise.informatica.uned.es\/observatorio\/recursos\/guias\/","title":{"rendered":"Gu\u00edas"},"content":{"rendered":"\n<p>1. <strong>Gu\u00eda metodol\u00f3gica<\/strong><\/p>\n\n\n\n<p>La metodolog\u00eda propuesta act\u00faa como una gu\u00eda de buenas pr\u00e1cticas para la coordinaci\u00f3n institucional, la ejecuci\u00f3n de proyectos de I+D+i, la gesti\u00f3n responsable de los datos y la difusi\u00f3n de resultados.<\/p>\n\n\n\n<div class=\"wp-block-buttons has-custom-font-size has-medium-font-size is-content-justification-center is-layout-flex wp-container-core-buttons-is-layout-16018d1d wp-block-buttons-is-layout-flex\">\n<div class=\"wp-block-button is-style-outline is-style-outline--1\"><a class=\"wp-block-button__link has-luminous-vivid-orange-color has-text-color has-link-color has-medium-font-size has-text-align-center has-custom-font-size wp-element-button\" href=\"https:\/\/srise.informatica.uned.es\/observatorio\/wp-content\/uploads\/sites\/19\/2026\/01\/Guia-Metodologica.pdf\">Gu\u00eda metodol\u00f3gica<\/a><\/div>\n<\/div>\n\n\n<ul class=\"wp-block-latest-posts__list has-dates has-author wp-block-latest-posts\"><\/ul>\n\n\n<p>2. <strong>Gu\u00eda de buenas pr\u00e1cticas<\/strong><\/p>\n\n\n\n<p>Esta gu\u00eda de buenas pr\u00e1cticas establece un marco com\u00fan para la gesti\u00f3n responsable de datos, la gobernanza institucional, la ejecuci\u00f3n de proyectos de I+D+i y la difusi\u00f3n transparente de resultados en el \u00e1mbito del Observatorio SRISE.<\/p>\n\n\n\n<div class=\"wp-block-buttons has-custom-font-size has-medium-font-size is-content-justification-center is-layout-flex wp-container-core-buttons-is-layout-16018d1d wp-block-buttons-is-layout-flex\">\n<div class=\"wp-block-button is-style-outline is-style-outline--2\"><a class=\"wp-block-button__link has-luminous-vivid-orange-color has-text-color has-link-color has-medium-font-size has-text-align-center has-custom-font-size wp-element-button\" href=\"https:\/\/srise.informatica.uned.es\/observatorio\/wp-content\/uploads\/sites\/19\/2026\/01\/Guia-Buenas-Practicas.pdf\">Gu\u00eda de buenas pr\u00e1cticas<\/a><\/div>\n<\/div>\n\n\n<ul class=\"wp-block-latest-posts__list has-dates has-author wp-block-latest-posts\"><\/ul>\n\n\n<p>3. <strong>Gu\u00eda t\u00e9cnica<\/strong><\/p>\n\n\n\n<p>La Gu\u00eda T\u00e9cnica del Observatorio define el marco t\u00e9cnico de referencia para el dise\u00f1o, despliegue y operaci\u00f3n de las infraestructuras y servicios del Observatorio SRISE, promoviendo una gesti\u00f3n responsable de los datos, una gobernanza t\u00e9cnica s\u00f3lida y el desarrollo transparente y reproducible de proyectos de I+D+i.<\/p>\n\n\n\n<div class=\"wp-block-buttons has-custom-font-size has-medium-font-size is-content-justification-center is-layout-flex wp-container-core-buttons-is-layout-16018d1d wp-block-buttons-is-layout-flex\">\n<div class=\"wp-block-button is-style-outline is-style-outline--3\"><a class=\"wp-block-button__link has-luminous-vivid-orange-color has-text-color has-link-color has-medium-font-size has-text-align-center has-custom-font-size wp-element-button\" href=\"https:\/\/srise.informatica.uned.es\/observatorio\/wp-content\/uploads\/sites\/19\/2026\/01\/Guia-Tecnica.pdf\">Gu\u00eda t\u00e9cnica<\/a><\/div>\n<\/div>\n\n\n<ul class=\"wp-block-latest-posts__list has-dates has-author wp-block-latest-posts\"><\/ul>\n\n\n<p>4. <strong>Gu\u00edas de referencia y normativa<\/strong><\/p>\n\n\n\n<p>La Gu\u00eda de Referencia y Normativa del Observatorio SRISE establece el marco legal, normativo y de est\u00e1ndares t\u00e9cnicos que rige el dise\u00f1o, despliegue y operaci\u00f3n de sus actividades, garantizando el cumplimiento regulatorio, la seguridad y privacidad de los datos, una gobernanza responsable de la informaci\u00f3n y el desarrollo \u00e9tico, transparente y sostenible de proyectos de I+D+i en entornos rurales.<\/p>\n\n\n\n<div class=\"wp-block-buttons has-custom-font-size has-medium-font-size is-content-justification-center is-layout-flex wp-container-core-buttons-is-layout-16018d1d wp-block-buttons-is-layout-flex\">\n<div class=\"wp-block-button is-style-outline is-style-outline--4\"><a class=\"wp-block-button__link has-luminous-vivid-orange-color has-text-color has-link-color has-medium-font-size has-text-align-center has-custom-font-size wp-element-button\" href=\"https:\/\/srise.informatica.uned.es\/observatorio\/wp-content\/uploads\/sites\/19\/2026\/01\/Guia-Formativa-y-Divulgativa.pdf\">Gu\u00eda de referencia y normativa<\/a><\/div>\n<\/div>\n\n\n<ul class=\"wp-block-latest-posts__list has-dates has-author wp-block-latest-posts\"><\/ul>\n\n\n<p>5. <strong>Gu\u00eda formativa y divulgativa<\/strong><\/p>\n\n\n\n<p>Esta gu\u00eda formativa y divulgativa ofrece una introducci\u00f3n accesible y rigurosa al Internet de las Cosas y la ciberseguridad en entornos rurales, promoviendo la capacitaci\u00f3n, la concienciaci\u00f3n y el uso seguro de la tecnolog\u00eda por parte de la ciudadan\u00eda y las instituciones.<\/p>\n\n\n\n<div class=\"wp-block-buttons has-custom-font-size has-medium-font-size is-content-justification-center is-layout-flex wp-container-core-buttons-is-layout-16018d1d wp-block-buttons-is-layout-flex\">\n<div class=\"wp-block-button is-style-outline is-style-outline--5\"><a class=\"wp-block-button__link has-luminous-vivid-orange-color has-text-color has-link-color has-medium-font-size has-text-align-center has-custom-font-size wp-element-button\" href=\"https:\/\/srise.informatica.uned.es\/observatorio\/wp-content\/uploads\/sites\/19\/2026\/01\/Guia-Referencia-y-Normativa.pdf\">Gu\u00eda formativa y divulgativa<\/a><\/div>\n<\/div>\n\n\n<ul class=\"wp-block-latest-posts__list has-dates has-author wp-block-latest-posts\"><\/ul>\n\n\n<p>6. <strong>Gu\u00edas de casos de uso<\/strong><\/p>\n\n\n\n<p>Esta gu\u00eda de Casos de Uso presenta de manera clara y pr\u00e1ctica c\u00f3mo los datos y resultados del Observatorio SRISE pueden aplicarse para apoyar la toma de decisiones, evaluar iniciativas rurales, fortalecer la seguridad tecnol\u00f3gica y promover la colaboraci\u00f3n entre instituciones y comunidades<\/p>\n\n\n\n<div class=\"wp-block-buttons has-custom-font-size has-medium-font-size is-content-justification-center is-layout-flex wp-container-core-buttons-is-layout-16018d1d wp-block-buttons-is-layout-flex\">\n<div class=\"wp-block-button is-style-outline is-style-outline--6\"><a class=\"wp-block-button__link has-luminous-vivid-orange-color has-text-color has-link-color has-medium-font-size has-text-align-center has-custom-font-size wp-element-button\" href=\"https:\/\/srise.informatica.uned.es\/observatorio\/wp-content\/uploads\/sites\/19\/2026\/01\/Guia-Casos-de-Uso.pdf\">Gu\u00eda de casos de uso<\/a><\/div>\n<\/div>\n\n\n<ul class=\"wp-block-latest-posts__list has-dates has-author wp-block-latest-posts\"><\/ul>\n\n\n<hr class=\"wp-block-separator has-alpha-channel-opacity\"\/>\n","protected":false},"excerpt":{"rendered":"<p>1. Gu\u00eda metodol\u00f3gica La metodolog\u00eda propuesta act\u00faa como una gu\u00eda de buenas pr\u00e1cticas para la coordinaci\u00f3n institucional, la ejecuci\u00f3n de proyectos de I+D+i, la gesti\u00f3n responsable de los datos y la difusi\u00f3n de resultados. 2. Gu\u00eda de buenas pr\u00e1cticas Esta gu\u00eda&#8230;<\/p>\n","protected":false},"author":6,"featured_media":0,"parent":10,"menu_order":0,"comment_status":"closed","ping_status":"closed","template":"","meta":{"footnotes":""},"class_list":["post-16","page","type-page","status-publish","hentry"],"_links":{"self":[{"href":"https:\/\/srise.informatica.uned.es\/observatorio\/wp-json\/wp\/v2\/pages\/16","targetHints":{"allow":["GET"]}}],"collection":[{"href":"https:\/\/srise.informatica.uned.es\/observatorio\/wp-json\/wp\/v2\/pages"}],"about":[{"href":"https:\/\/srise.informatica.uned.es\/observatorio\/wp-json\/wp\/v2\/types\/page"}],"author":[{"embeddable":true,"href":"https:\/\/srise.informatica.uned.es\/observatorio\/wp-json\/wp\/v2\/users\/6"}],"replies":[{"embeddable":true,"href":"https:\/\/srise.informatica.uned.es\/observatorio\/wp-json\/wp\/v2\/comments?post=16"}],"version-history":[{"count":52,"href":"https:\/\/srise.informatica.uned.es\/observatorio\/wp-json\/wp\/v2\/pages\/16\/revisions"}],"predecessor-version":[{"id":30135,"href":"https:\/\/srise.informatica.uned.es\/observatorio\/wp-json\/wp\/v2\/pages\/16\/revisions\/30135"}],"up":[{"embeddable":true,"href":"https:\/\/srise.informatica.uned.es\/observatorio\/wp-json\/wp\/v2\/pages\/10"}],"wp:attachment":[{"href":"https:\/\/srise.informatica.uned.es\/observatorio\/wp-json\/wp\/v2\/media?parent=16"}],"curies":[{"name":"wp","href":"https:\/\/api.w.org\/{rel}","templated":true}]}}