{"id":27299,"date":"2024-08-15T14:13:05","date_gmt":"2024-08-15T14:13:05","guid":{"rendered":"https:\/\/srise.informatica.uned.es\/?page_id=27299"},"modified":"2026-01-26T13:17:45","modified_gmt":"2026-01-26T12:17:45","slug":"catedra5","status":"publish","type":"page","link":"https:\/\/srise.informatica.uned.es\/observatorio\/","title":{"rendered":"Observatorio SRISE"},"content":{"rendered":"\t\t<div data-elementor-type=\"wp-page\" data-elementor-id=\"27299\" class=\"elementor elementor-27299\">\n\t\t\t\t<div class=\"elementor-element elementor-element-3027c32 e-con-full e-flex e-con e-parent\" data-id=\"3027c32\" data-element_type=\"container\" data-e-type=\"container\" data-settings=\"{&quot;background_background&quot;:&quot;classic&quot;}\">\n\t\t<div class=\"elementor-element elementor-element-157c3d9 e-con-full e-flex e-con e-child\" data-id=\"157c3d9\" data-element_type=\"container\" data-e-type=\"container\" data-settings=\"{&quot;background_background&quot;:&quot;classic&quot;}\">\n\t\t\t\t<div class=\"elementor-element elementor-element-63cd277 elementor-widget__width-initial elementor-widget-mobile__width-initial elementor-widget elementor-widget-image\" data-id=\"63cd277\" data-element_type=\"widget\" data-e-type=\"widget\" data-widget_type=\"image.default\">\n\t\t\t\t<div class=\"elementor-widget-container\">\n\t\t\t\t\t\t\t\t\t\t\t\t\t\t\t<img fetchpriority=\"high\" decoding=\"async\" width=\"594\" height=\"153\" src=\"https:\/\/srise.informatica.uned.es\/observatorio\/wp-content\/uploads\/sites\/19\/2024\/07\/ministerio-1-color-1.png\" class=\"attachment-full size-full wp-image-28654\" alt=\"\" srcset=\"https:\/\/srise.informatica.uned.es\/observatorio\/wp-content\/uploads\/sites\/19\/2024\/07\/ministerio-1-color-1.png 594w, https:\/\/srise.informatica.uned.es\/observatorio\/wp-content\/uploads\/sites\/19\/2024\/07\/ministerio-1-color-1-300x77.png 300w\" sizes=\"(max-width: 594px) 100vw, 594px\" \/>\t\t\t\t\t\t\t\t\t\t\t\t\t\t\t<\/div>\n\t\t\t\t<\/div>\n\t\t\t\t<div class=\"elementor-element elementor-element-9d309e6 elementor-widget__width-initial elementor-widget-mobile__width-initial elementor-widget elementor-widget-image\" data-id=\"9d309e6\" data-element_type=\"widget\" data-e-type=\"widget\" data-widget_type=\"image.default\">\n\t\t\t\t<div class=\"elementor-widget-container\">\n\t\t\t\t\t\t\t\t\t\t\t\t\t\t\t<img decoding=\"async\" width=\"833\" height=\"145\" src=\"https:\/\/srise.informatica.uned.es\/observatorio\/wp-content\/uploads\/sites\/19\/2024\/12\/Logo-Ministerio.png\" class=\"attachment-full size-full wp-image-29928\" alt=\"\" srcset=\"https:\/\/srise.informatica.uned.es\/observatorio\/wp-content\/uploads\/sites\/19\/2024\/12\/Logo-Ministerio.png 833w, https:\/\/srise.informatica.uned.es\/observatorio\/wp-content\/uploads\/sites\/19\/2024\/12\/Logo-Ministerio-300x52.png 300w, https:\/\/srise.informatica.uned.es\/observatorio\/wp-content\/uploads\/sites\/19\/2024\/12\/Logo-Ministerio-768x134.png 768w\" sizes=\"(max-width: 833px) 100vw, 833px\" \/>\t\t\t\t\t\t\t\t\t\t\t\t\t\t\t<\/div>\n\t\t\t\t<\/div>\n\t\t\t\t<div class=\"elementor-element elementor-element-54826cb elementor-widget__width-initial elementor-widget-mobile__width-initial elementor-widget elementor-widget-image\" data-id=\"54826cb\" data-element_type=\"widget\" data-e-type=\"widget\" data-widget_type=\"image.default\">\n\t\t\t\t<div class=\"elementor-widget-container\">\n\t\t\t\t\t\t\t\t\t\t\t\t\t\t\t<img decoding=\"async\" width=\"346\" height=\"116\" src=\"https:\/\/srise.informatica.uned.es\/observatorio\/wp-content\/uploads\/sites\/19\/2024\/07\/ministerio-3-color-1.png\" class=\"attachment-full size-full wp-image-28656\" alt=\"\" srcset=\"https:\/\/srise.informatica.uned.es\/observatorio\/wp-content\/uploads\/sites\/19\/2024\/07\/ministerio-3-color-1.png 346w, https:\/\/srise.informatica.uned.es\/observatorio\/wp-content\/uploads\/sites\/19\/2024\/07\/ministerio-3-color-1-300x101.png 300w\" sizes=\"(max-width: 346px) 100vw, 346px\" \/>\t\t\t\t\t\t\t\t\t\t\t\t\t\t\t<\/div>\n\t\t\t\t<\/div>\n\t\t\t\t<div class=\"elementor-element elementor-element-72ee5a0 elementor-widget__width-initial elementor-widget elementor-widget-image\" data-id=\"72ee5a0\" data-element_type=\"widget\" data-e-type=\"widget\" data-widget_type=\"image.default\">\n\t\t\t\t<div class=\"elementor-widget-container\">\n\t\t\t\t\t\t\t\t\t\t\t\t\t\t\t<img loading=\"lazy\" decoding=\"async\" width=\"346\" height=\"87\" src=\"https:\/\/srise.informatica.uned.es\/observatorio\/wp-content\/uploads\/sites\/19\/2024\/07\/ministerio-4-color-1.png\" class=\"attachment-full size-full wp-image-28657\" alt=\"\" srcset=\"https:\/\/srise.informatica.uned.es\/observatorio\/wp-content\/uploads\/sites\/19\/2024\/07\/ministerio-4-color-1.png 346w, https:\/\/srise.informatica.uned.es\/observatorio\/wp-content\/uploads\/sites\/19\/2024\/07\/ministerio-4-color-1-300x75.png 300w\" sizes=\"(max-width: 346px) 100vw, 346px\" \/>\t\t\t\t\t\t\t\t\t\t\t\t\t\t\t<\/div>\n\t\t\t\t<\/div>\n\t\t\t\t<div class=\"elementor-element elementor-element-b9141af elementor-widget__width-initial elementor-widget elementor-widget-image\" data-id=\"b9141af\" data-element_type=\"widget\" data-e-type=\"widget\" data-widget_type=\"image.default\">\n\t\t\t\t<div class=\"elementor-widget-container\">\n\t\t\t\t\t\t\t\t\t\t\t\t\t\t\t<img loading=\"lazy\" decoding=\"async\" width=\"75\" height=\"77\" src=\"https:\/\/srise.informatica.uned.es\/observatorio\/wp-content\/uploads\/sites\/19\/2025\/11\/admin-ajax_resized.png\" class=\"attachment-full size-full wp-image-30078\" alt=\"\" \/>\t\t\t\t\t\t\t\t\t\t\t\t\t\t\t<\/div>\n\t\t\t\t<\/div>\n\t\t\t\t<\/div>\n\t\t\t\t<\/div>\n\t\t<div class=\"elementor-element elementor-element-b523e8f e-con-full e-flex e-con e-parent\" data-id=\"b523e8f\" data-element_type=\"container\" data-e-type=\"container\" data-settings=\"{&quot;background_background&quot;:&quot;classic&quot;}\">\n\t\t\t\t<div class=\"elementor-element elementor-element-11a7266 elementor-widget elementor-widget-neuros_content_slider\" data-id=\"11a7266\" data-element_type=\"widget\" data-e-type=\"widget\" data-widget_type=\"neuros_content_slider.default\">\n\t\t\t\t<div class=\"elementor-widget-container\">\n\t\t\t\t\t\n        <div class=\"neuros-content-slider-widget\">\n            <div class=\"content-slider-wrapper\">\n\n                <div class=\"content-slider-container\">\n                    <div class=\"content-slider owl-carousel owl-theme\" data-slider-options=\"{&quot;items&quot;:1,&quot;nav&quot;:true,&quot;navText&quot;:[&quot;&lt;span class=\\&quot;nav-button-inner\\&quot;&gt;&lt;\\\/span&gt;&quot;,&quot;&lt;span class=\\&quot;nav-button-inner\\&quot;&gt;&lt;\\\/span&gt;&quot;],&quot;dots&quot;:false,&quot;autoplayHoverPause&quot;:false,&quot;autoplay&quot;:true,&quot;autoplaySpeed&quot;:5000,&quot;autoplayTimeout&quot;:5000,&quot;loop&quot;:true,&quot;speed&quot;:1200,&quot;dotsContainer&quot;:&quot;.owl-dots-11a7266&quot;,&quot;navContainer&quot;:false,&quot;navContainerMobile&quot;:false,&quot;animateOut&quot;:&quot;fadeOut&quot;}\">\n                        <div class=\"content-item slider-item elementor-repeater-item-8ccb860 content-position-start neuros-button-border-style-gradient neuros-button-background-style-solid\"><div class=\"elementor-section elementor-top-section elementor-section-full_width\"><div class=\"elementor-container elementor-column-gap-no\"><div class=\"elementor-row\"><div class=\"elementor-column elementor-col-100 elementor-text-column\"><div class=\"elementor-widget-wrap elementor-element-populated\"><section class=\"elementor-section elementor-inner-section elementor-section-full_width elementor-element\"><div class=\"elementor-container elementor-column-gap-wide\"><div class=\"elementor-row\"><div class=\"slide-content-column\"><\/div><\/div><\/div><\/section><\/div><\/div><\/div><\/div><\/div><\/div>                    <\/div>\n                                    <\/div>\n\n            <\/div>\n        <\/div>\n        \t\t\t\t<\/div>\n\t\t\t\t<\/div>\n\t\t\t\t<\/div>\n\t\t<div class=\"elementor-element elementor-element-75aecd8 e-flex e-con-boxed e-con e-parent\" data-id=\"75aecd8\" data-element_type=\"container\" data-e-type=\"container\">\n\t\t\t\t\t<div class=\"e-con-inner\">\n\t\t<div class=\"elementor-element elementor-element-a23ae9f e-con-full e-flex e-con e-child\" data-id=\"a23ae9f\" data-element_type=\"container\" data-e-type=\"container\">\n\t\t\t\t<\/div>\n\t\t<div class=\"elementor-element elementor-element-6156b68 e-con-full e-flex e-con e-child\" data-id=\"6156b68\" data-element_type=\"container\" data-e-type=\"container\">\n\t\t\t\t<div class=\"elementor-element elementor-element-0e26aa3 elementor-widget elementor-widget-neuros_heading\" data-id=\"0e26aa3\" data-element_type=\"widget\" data-e-type=\"widget\" data-widget_type=\"neuros_heading.default\">\n\t\t\t\t<div class=\"elementor-widget-container\">\n\t\t\t\t\t<div class=\"neuros-heading-widget\"><h2 class=\"neuros-heading\"><span class=\"neuros-subheading\">sobre el observatorio<\/span><span class=\"neuros-heading-content has_gradient_color_text\">Objetivos<\/span><\/h2><\/div>\t\t\t\t<\/div>\n\t\t\t\t<\/div>\n\t\t\t\t<div class=\"elementor-element elementor-element-456295d elementor-widget elementor-widget-text-editor\" data-id=\"456295d\" data-element_type=\"widget\" data-e-type=\"widget\" data-widget_type=\"text-editor.default\">\n\t\t\t\t<div class=\"elementor-widget-container\">\n\t\t\t\t\t\t\t\t\t<p>Recopilaci\u00f3n de informaci\u00f3n, an\u00e1lisis y divulgaci\u00f3n activa, bajo diferentes enfoques, de la documentaci\u00f3n acumulada en investigaci\u00f3n, tecnolog\u00edas y disciplinas que usan la Inteligencia Artificial en el \u00e1mbito de IoT.<\/p><p>Lugar de encuentro y difusi\u00f3n entre personas que comparten su inter\u00e9s por la protecci\u00f3n y seguridad de los datos, ante las ciberamenazas.<\/p>\t\t\t\t\t\t\t\t<\/div>\n\t\t\t\t<\/div>\n\t\t\t\t<\/div>\n\t\t\t\t\t<\/div>\n\t\t\t\t<\/div>\n\t\t<div class=\"elementor-element elementor-element-03fea56 e-con-full e-flex e-con e-parent\" data-id=\"03fea56\" data-element_type=\"container\" data-e-type=\"container\">\n\t\t<div class=\"elementor-element elementor-element-8eeb471 e-con-full e-flex e-con e-child\" data-id=\"8eeb471\" data-element_type=\"container\" data-e-type=\"container\">\n\t\t\t\t<div class=\"elementor-element elementor-element-a280ad7 elementor-widget elementor-widget-image\" data-id=\"a280ad7\" data-element_type=\"widget\" data-e-type=\"widget\" data-widget_type=\"image.default\">\n\t\t\t\t<div class=\"elementor-widget-container\">\n\t\t\t\t\t\t\t\t\t\t\t\t\t\t\t<img loading=\"lazy\" decoding=\"async\" width=\"778\" height=\"651\" src=\"https:\/\/srise.informatica.uned.es\/observatorio\/wp-content\/uploads\/sites\/19\/2024\/09\/observatorio-ciberseguridad-logo-gris.png\" class=\"attachment-full size-full wp-image-29557\" alt=\"\" srcset=\"https:\/\/srise.informatica.uned.es\/observatorio\/wp-content\/uploads\/sites\/19\/2024\/09\/observatorio-ciberseguridad-logo-gris.png 778w, https:\/\/srise.informatica.uned.es\/observatorio\/wp-content\/uploads\/sites\/19\/2024\/09\/observatorio-ciberseguridad-logo-gris-300x251.png 300w, https:\/\/srise.informatica.uned.es\/observatorio\/wp-content\/uploads\/sites\/19\/2024\/09\/observatorio-ciberseguridad-logo-gris-768x643.png 768w\" sizes=\"(max-width: 778px) 100vw, 778px\" \/>\t\t\t\t\t\t\t\t\t\t\t\t\t\t\t<\/div>\n\t\t\t\t<\/div>\n\t\t\t\t<\/div>\n\t\t<div class=\"elementor-element elementor-element-6139f0a e-con-full e-flex e-con e-child\" data-id=\"6139f0a\" data-element_type=\"container\" data-e-type=\"container\">\n\t\t\t\t<\/div>\n\t\t\t\t<\/div>\n\t\t<div class=\"elementor-element elementor-element-af1ced1 e-flex e-con-boxed e-con e-parent\" data-id=\"af1ced1\" data-element_type=\"container\" data-e-type=\"container\">\n\t\t\t\t\t<div class=\"e-con-inner\">\n\t\t<div class=\"elementor-element elementor-element-df9877b e-con-full e-flex e-con e-child\" data-id=\"df9877b\" data-element_type=\"container\" data-e-type=\"container\">\n\t\t\t\t<div class=\"elementor-element elementor-element-bd9b646 neuros-heading-subheading-decoration-off elementor-widget elementor-widget-neuros_heading\" data-id=\"bd9b646\" data-element_type=\"widget\" data-e-type=\"widget\" data-widget_type=\"neuros_heading.default\">\n\t\t\t\t<div class=\"elementor-widget-container\">\n\t\t\t\t\t<div class=\"neuros-heading-widget\"><h2 class=\"neuros-heading\"><span class=\"neuros-subheading\">Actividades de la c\u00e1tedra<\/span><span class=\"neuros-heading-content has_gradient_color_text\">Agenda<\/span><\/h2><\/div>\t\t\t\t<\/div>\n\t\t\t\t<\/div>\n\t\t\t\t<\/div>\n\t\t<div class=\"elementor-element elementor-element-87f5586 e-con-full e-flex e-con e-child\" data-id=\"87f5586\" data-element_type=\"container\" data-e-type=\"container\">\n\t\t\t\t<\/div>\n\t\t\t\t\t<\/div>\n\t\t\t\t<\/div>\n\t\t<div class=\"elementor-element elementor-element-70eb021 e-flex e-con-boxed e-con e-parent\" data-id=\"70eb021\" data-element_type=\"container\" data-e-type=\"container\">\n\t\t\t\t\t<div class=\"e-con-inner\">\n\t\t\t\t<div class=\"elementor-element elementor-element-7a61860 elementor-widget elementor-widget-text-editor\" data-id=\"7a61860\" data-element_type=\"widget\" data-e-type=\"widget\" data-widget_type=\"text-editor.default\">\n\t\t\t\t<div class=\"elementor-widget-container\">\n\t\t\t\t\t\t\t\t\t<p><span class=\"TextRun SCXW36581179 BCX8\" lang=\"ES-ES\" style=\"color: #5b125f\" xml:lang=\"ES-ES\" data-contrast=\"auto\"><span class=\"NormalTextRun SCXW36581179 BCX8\">Pr\u00f3ximos eventos en los que participar\u00e1 el observatorio.<\/span><\/span><\/p>\t\t\t\t\t\t\t\t<\/div>\n\t\t\t\t<\/div>\n\t\t\t\t\t<\/div>\n\t\t\t\t<\/div>\n\t\t<div class=\"elementor-element elementor-element-868deec e-flex e-con-boxed e-con e-parent\" data-id=\"868deec\" data-element_type=\"container\" data-e-type=\"container\">\n\t\t\t\t\t<div class=\"e-con-inner\">\n\t\t<div class=\"elementor-element elementor-element-ab37b23 e-con-full e-flex e-con e-child\" data-id=\"ab37b23\" data-element_type=\"container\" data-e-type=\"container\">\n\t\t\t\t<div class=\"elementor-element elementor-element-309b12b neuros-heading-subheading-decoration-off elementor-widget elementor-widget-neuros_heading\" data-id=\"309b12b\" data-element_type=\"widget\" data-e-type=\"widget\" data-widget_type=\"neuros_heading.default\">\n\t\t\t\t<div class=\"elementor-widget-container\">\n\t\t\t\t\t<div class=\"neuros-heading-widget\"><h2 class=\"neuros-heading\"><span class=\"neuros-subheading\">Noticias y actualidad de la c\u00e1tedra<\/span><span class=\"neuros-heading-content has_gradient_color_text\">Actualidad<\/span><\/h2><\/div>\t\t\t\t<\/div>\n\t\t\t\t<\/div>\n\t\t\t\t<\/div>\n\t\t<div class=\"elementor-element elementor-element-62db596 e-con-full e-flex e-con e-child\" data-id=\"62db596\" data-element_type=\"container\" data-e-type=\"container\">\n\t\t\t\t<\/div>\n\t\t\t\t\t<\/div>\n\t\t\t\t<\/div>\n\t\t<div class=\"elementor-element elementor-element-4fce8a0 e-flex e-con-boxed e-con e-parent\" data-id=\"4fce8a0\" data-element_type=\"container\" data-e-type=\"container\">\n\t\t\t\t\t<div class=\"e-con-inner\">\n\t\t<div class=\"elementor-element elementor-element-41d59df e-con-full e-flex e-con e-child\" data-id=\"41d59df\" data-element_type=\"container\" data-e-type=\"container\">\n\t\t\t\t<div class=\"elementor-element elementor-element-5b46ca7 elementor-widget elementor-widget-neuros_blog_listing\" data-id=\"5b46ca7\" data-element_type=\"widget\" data-e-type=\"widget\" data-widget_type=\"neuros_blog_listing.default\">\n\t\t\t\t<div class=\"elementor-widget-container\">\n\t\t\t\t\t\n        <div class=\"archive-listing\" data-ajax='{&quot;post_type&quot;:&quot;post&quot;,&quot;posts_per_page&quot;:2,&quot;orderby&quot;:&quot;date&quot;,&quot;order&quot;:&quot;desc&quot;,&quot;paged&quot;:1,&quot;category_name&quot;:&quot;&quot;,&quot;tag&quot;:&quot;&quot;,&quot;post__in&quot;:&quot;&quot;,&quot;ignore_sticky_posts&quot;:false,&quot;link_base&quot;:&quot;https:\\\/\\\/srise.informatica.uned.es\\\/observatorio\\\/wp-json\\\/wp\\\/v2\\\/pages\\\/27299&quot;}' data-widget='{&quot;listing_type&quot;:&quot;grid&quot;,&quot;excerpt_length&quot;:&quot;250&quot;,&quot;show_cat&quot;:&quot;yes&quot;,&quot;show_media&quot;:&quot;yes&quot;,&quot;show_author&quot;:&quot;&quot;,&quot;show_date&quot;:&quot;yes&quot;,&quot;show_title&quot;:&quot;yes&quot;,&quot;show_tags&quot;:&quot;no&quot;,&quot;show_excerpt&quot;:&quot;yes&quot;,&quot;show_read_more&quot;:&quot;yes&quot;,&quot;read_more_text&quot;:&quot;Leer M\\u00e1s&quot;,&quot;columns_number&quot;:2,&quot;show_pagination&quot;:&quot;&quot;,&quot;item_class&quot;:&quot;post grid-item grid-blog-item-wrapper&quot;}'>\n            <div class=\"archive-listing-wrapper grid-listing columns-2\">\n                \r\n<div class=\"standard-blog-item-wrapper post grid-item grid-blog-item-wrapper post-29926 type-post status-publish format-standard has-post-thumbnail hentry category-noticia category-observatorio\">\r\n    <div class=\"blog-item\">\r\n        <div class=\"post-media-wrapper\"><a href=\"https:\/\/srise.informatica.uned.es\/observatorio\/asistencia-a-las-xviii-jornadas-stic-ccn-cert-vi-jornadas-de-ciberdefensa-espdef-cert\/\"><picture><source media=\"(max-width: 575px)\" sizes=\"(max-width: 575px) 575px\" srcset=\"https:\/\/srise.informatica.uned.es\/observatorio\/wp-content\/uploads\/sites\/19\/2024\/12\/srise-noticia-STIC-CCN-CERT-destacado-575x274.jpg 575w\"><source media=\"(max-width: 991px)\" sizes=\"(max-width: 991px) 991px\" srcset=\"https:\/\/srise.informatica.uned.es\/observatorio\/wp-content\/uploads\/sites\/19\/2024\/12\/srise-noticia-STIC-CCN-CERT-destacado-500x374.jpg 991w\"><img decoding=\"async\" alt=\"Fotograf\u00eda donde aparecen varios miembros del equipo\" title=\"srise-noticia-STIC-CCN-CERT-destacado\" src=\"https:\/\/srise.informatica.uned.es\/observatorio\/wp-content\/uploads\/sites\/19\/2024\/12\/srise-noticia-STIC-CCN-CERT-destacado-960x718.jpg\" class=\"attachment-neuros_post_grid_2_columns size-neuros_post_grid_2_columns wp-post-image\" \/><\/picture><\/a><\/div><div class=\"post-meta-header\"><div class=\"post-meta-items-wrapper\"><div class=\"post-meta-items\"><div class=\"post-meta-item post-meta-item-date\"><a href=\"https:\/\/srise.informatica.uned.es\/observatorio\/2024\/11\/28\/\">28 de noviembre de 2024<\/a><\/div><\/div><\/div><\/div><h3 class=\"post-title\"><a href=\"https:\/\/srise.informatica.uned.es\/observatorio\/asistencia-a-las-xviii-jornadas-stic-ccn-cert-vi-jornadas-de-ciberdefensa-espdef-cert\/\">Asistencia a las XVIII Jornadas STIC CCN-CERT | VI Jornadas de Ciberdefensa ESPDEF-CERT<\/a><\/h3><div class=\"post-content\">Varios miembros de la\u202fC\u00e1tedra Internacional Smart Rural IoT and Secured Environments (UNED-INCIBE)\u202fhan asistido a las XVIII Jornadas STIC CCN-CERT | VI Jornadas de Ciberdefensa ESPDEF-CERT, evento internacional de referencia en Espa\u00f1a para la i<\/div><div class=\"post-labels\"><div class=\"post-categories\"><a class=\"post-category-item\" href=\"https:\/\/srise.informatica.uned.es\/observatorio\/categorias\/noticia\/\">Noticia<\/a><a class=\"post-category-item\" href=\"https:\/\/srise.informatica.uned.es\/observatorio\/categorias\/observatorio\/\">Observatorio<\/a><\/div><\/div><div class=\"post-more-button\"><a href=\"https:\/\/srise.informatica.uned.es\/observatorio\/asistencia-a-las-xviii-jornadas-stic-ccn-cert-vi-jornadas-de-ciberdefensa-espdef-cert\/\"><span>Leer M\u00e1s<\/span><svg viewBox=\"0 0 13 20\"><polyline points=\"0.5 19.5 3 19.5 12.5 10 3 0.5\" \/><\/svg><\/a><\/div>    <\/div>\r\n<\/div>            <\/div>\n\n                    <\/div>\n        \t\t\t\t<\/div>\n\t\t\t\t<\/div>\n\t\t\t\t<\/div>\n\t\t\t\t\t<\/div>\n\t\t\t\t<\/div>\n\t\t<div class=\"elementor-element elementor-element-b2ce70d e-flex e-con-boxed e-con e-parent\" data-id=\"b2ce70d\" data-element_type=\"container\" data-e-type=\"container\" data-settings=\"{&quot;background_background&quot;:&quot;classic&quot;}\">\n\t\t\t\t\t<div class=\"e-con-inner\">\n\t\t\t\t<div class=\"elementor-element elementor-element-95b9577 elementor-widget__width-initial elementor-widget elementor-widget-image\" data-id=\"95b9577\" data-element_type=\"widget\" data-e-type=\"widget\" data-widget_type=\"image.default\">\n\t\t\t\t<div class=\"elementor-widget-container\">\n\t\t\t\t\t\t\t\t\t\t\t\t\t\t\t<img loading=\"lazy\" decoding=\"async\" width=\"594\" height=\"153\" src=\"https:\/\/srise.informatica.uned.es\/observatorio\/wp-content\/uploads\/sites\/19\/2025\/07\/ministerio-1.png\" class=\"attachment-full size-full wp-image-29986\" alt=\"\" srcset=\"https:\/\/srise.informatica.uned.es\/observatorio\/wp-content\/uploads\/sites\/19\/2025\/07\/ministerio-1.png 594w, https:\/\/srise.informatica.uned.es\/observatorio\/wp-content\/uploads\/sites\/19\/2025\/07\/ministerio-1-300x77.png 300w\" sizes=\"(max-width: 594px) 100vw, 594px\" \/>\t\t\t\t\t\t\t\t\t\t\t\t\t\t\t<\/div>\n\t\t\t\t<\/div>\n\t\t\t\t<div class=\"elementor-element elementor-element-1ac3f8f elementor-widget-mobile__width-initial elementor-widget-tablet__width-initial elementor-widget__width-initial elementor-widget elementor-widget-image\" data-id=\"1ac3f8f\" data-element_type=\"widget\" data-e-type=\"widget\" data-widget_type=\"image.default\">\n\t\t\t\t<div class=\"elementor-widget-container\">\n\t\t\t\t\t\t\t\t\t\t\t\t\t\t\t<img loading=\"lazy\" decoding=\"async\" width=\"594\" height=\"113\" src=\"https:\/\/srise.informatica.uned.es\/observatorio\/wp-content\/uploads\/sites\/19\/2025\/07\/ministerio.png\" class=\"attachment-full size-full wp-image-29987\" alt=\"\" srcset=\"https:\/\/srise.informatica.uned.es\/observatorio\/wp-content\/uploads\/sites\/19\/2025\/07\/ministerio.png 594w, https:\/\/srise.informatica.uned.es\/observatorio\/wp-content\/uploads\/sites\/19\/2025\/07\/ministerio-300x57.png 300w\" sizes=\"(max-width: 594px) 100vw, 594px\" \/>\t\t\t\t\t\t\t\t\t\t\t\t\t\t\t<\/div>\n\t\t\t\t<\/div>\n\t\t\t\t<div class=\"elementor-element elementor-element-761bbfb elementor-widget__width-initial elementor-widget elementor-widget-image\" data-id=\"761bbfb\" data-element_type=\"widget\" data-e-type=\"widget\" data-widget_type=\"image.default\">\n\t\t\t\t<div class=\"elementor-widget-container\">\n\t\t\t\t\t\t\t\t\t\t\t\t\t\t\t<img loading=\"lazy\" decoding=\"async\" width=\"335\" height=\"113\" src=\"https:\/\/srise.informatica.uned.es\/observatorio\/wp-content\/uploads\/sites\/19\/2025\/07\/ministerio-3.png\" class=\"attachment-full size-full wp-image-29988\" alt=\"\" srcset=\"https:\/\/srise.informatica.uned.es\/observatorio\/wp-content\/uploads\/sites\/19\/2025\/07\/ministerio-3.png 335w, https:\/\/srise.informatica.uned.es\/observatorio\/wp-content\/uploads\/sites\/19\/2025\/07\/ministerio-3-300x101.png 300w\" sizes=\"(max-width: 335px) 100vw, 335px\" \/>\t\t\t\t\t\t\t\t\t\t\t\t\t\t\t<\/div>\n\t\t\t\t<\/div>\n\t\t\t\t<div class=\"elementor-element elementor-element-f3b5dcd elementor-widget__width-initial elementor-widget elementor-widget-image\" data-id=\"f3b5dcd\" data-element_type=\"widget\" data-e-type=\"widget\" data-widget_type=\"image.default\">\n\t\t\t\t<div class=\"elementor-widget-container\">\n\t\t\t\t\t\t\t\t\t\t\t\t\t\t\t<img loading=\"lazy\" decoding=\"async\" width=\"470\" height=\"113\" src=\"https:\/\/srise.informatica.uned.es\/observatorio\/wp-content\/uploads\/sites\/19\/2025\/07\/ministerio-4.png\" class=\"attachment-full size-full wp-image-29989\" alt=\"\" srcset=\"https:\/\/srise.informatica.uned.es\/observatorio\/wp-content\/uploads\/sites\/19\/2025\/07\/ministerio-4.png 470w, https:\/\/srise.informatica.uned.es\/observatorio\/wp-content\/uploads\/sites\/19\/2025\/07\/ministerio-4-300x72.png 300w\" sizes=\"(max-width: 470px) 100vw, 470px\" \/>\t\t\t\t\t\t\t\t\t\t\t\t\t\t\t<\/div>\n\t\t\t\t<\/div>\n\t\t\t\t<div class=\"elementor-element elementor-element-da38af8 elementor-widget__width-initial elementor-widget-mobile__width-initial elementor-widget elementor-widget-image\" data-id=\"da38af8\" data-element_type=\"widget\" data-e-type=\"widget\" data-widget_type=\"image.default\">\n\t\t\t\t<div class=\"elementor-widget-container\">\n\t\t\t\t\t\t\t\t\t\t\t\t\t\t\t<img loading=\"lazy\" decoding=\"async\" width=\"113\" height=\"113\" src=\"https:\/\/srise.informatica.uned.es\/observatorio\/wp-content\/uploads\/sites\/19\/2025\/07\/ministerio-5.png\" class=\"attachment-full size-full wp-image-29990\" alt=\"\" \/>\t\t\t\t\t\t\t\t\t\t\t\t\t\t\t<\/div>\n\t\t\t\t<\/div>\n\t\t\t\t\t<\/div>\n\t\t\t\t<\/div>\n\t\t\t\t<\/div>\n\t\t","protected":false},"excerpt":{"rendered":"<p>Recopilaci\u00f3n de informaci\u00f3n, an\u00e1lisis y divulgaci\u00f3n activa, bajo diferentes enfoques, de la documentaci\u00f3n acumulada en investigaci\u00f3n, tecnolog\u00edas y disciplinas que usan la Inteligencia Artificial en el \u00e1mbito de IoT. Lugar de encuentro y difusi\u00f3n entre personas que comparten su inter\u00e9s por&#8230;<\/p>\n","protected":false},"author":10,"featured_media":0,"parent":0,"menu_order":0,"comment_status":"closed","ping_status":"closed","template":"elementor_header_footer","meta":{"footnotes":""},"class_list":["post-27299","page","type-page","status-publish","hentry"],"_links":{"self":[{"href":"https:\/\/srise.informatica.uned.es\/observatorio\/wp-json\/wp\/v2\/pages\/27299","targetHints":{"allow":["GET"]}}],"collection":[{"href":"https:\/\/srise.informatica.uned.es\/observatorio\/wp-json\/wp\/v2\/pages"}],"about":[{"href":"https:\/\/srise.informatica.uned.es\/observatorio\/wp-json\/wp\/v2\/types\/page"}],"author":[{"embeddable":true,"href":"https:\/\/srise.informatica.uned.es\/observatorio\/wp-json\/wp\/v2\/users\/10"}],"replies":[{"embeddable":true,"href":"https:\/\/srise.informatica.uned.es\/observatorio\/wp-json\/wp\/v2\/comments?post=27299"}],"version-history":[{"count":136,"href":"https:\/\/srise.informatica.uned.es\/observatorio\/wp-json\/wp\/v2\/pages\/27299\/revisions"}],"predecessor-version":[{"id":30081,"href":"https:\/\/srise.informatica.uned.es\/observatorio\/wp-json\/wp\/v2\/pages\/27299\/revisions\/30081"}],"wp:attachment":[{"href":"https:\/\/srise.informatica.uned.es\/observatorio\/wp-json\/wp\/v2\/media?parent=27299"}],"curies":[{"name":"wp","href":"https:\/\/api.w.org\/{rel}","templated":true}]}}