{"id":29496,"date":"2024-08-16T01:01:03","date_gmt":"2024-08-16T01:01:03","guid":{"rendered":"https:\/\/srise.informatica.uned.es\/?page_id=29496"},"modified":"2024-09-18T16:47:35","modified_gmt":"2024-09-18T14:47:35","slug":"privacidad","status":"publish","type":"page","link":"https:\/\/srise.informatica.uned.es\/observatorio\/privacidad\/","title":{"rendered":"Privacidad"},"content":{"rendered":"\t\t<div data-elementor-type=\"wp-page\" data-elementor-id=\"29496\" class=\"elementor elementor-29496\">\n\t\t\t\t<div class=\"elementor-element elementor-element-58cd066 e-flex e-con-boxed e-con e-parent\" data-id=\"58cd066\" data-element_type=\"container\" data-e-type=\"container\">\n\t\t\t\t\t<div class=\"e-con-inner\">\n\t\t<div class=\"elementor-element elementor-element-ae316b7 e-con-full e-flex e-con e-child\" data-id=\"ae316b7\" data-element_type=\"container\" data-e-type=\"container\">\n\t\t\t\t<div class=\"elementor-element elementor-element-92aa36b elementor-widget elementor-widget-neuros_heading\" data-id=\"92aa36b\" data-element_type=\"widget\" data-e-type=\"widget\" data-widget_type=\"neuros_heading.default\">\n\t\t\t\t<div class=\"elementor-widget-container\">\n\t\t\t\t\t<div class=\"neuros-heading-widget\"><h3 class=\"neuros-heading\"><span class=\"neuros-heading-content has_gradient_color_text\">Pol\u00edtica de Privacidad<\/span><\/h3><\/div>\t\t\t\t<\/div>\n\t\t\t\t<\/div>\n\t\t\t\t<\/div>\n\t\t\t\t\t<\/div>\n\t\t\t\t<\/div>\n\t\t<div class=\"elementor-element elementor-element-f5a6117 e-flex e-con-boxed e-con e-parent\" data-id=\"f5a6117\" data-element_type=\"container\" data-e-type=\"container\">\n\t\t\t\t\t<div class=\"e-con-inner\">\n\t\t<div class=\"elementor-element elementor-element-fc3fd22 e-con-full e-flex e-con e-child\" data-id=\"fc3fd22\" data-element_type=\"container\" data-e-type=\"container\">\n\t\t\t\t<\/div>\n\t\t<div class=\"elementor-element elementor-element-47dab79 e-con-full e-flex e-con e-child\" data-id=\"47dab79\" data-element_type=\"container\" data-e-type=\"container\">\n\t\t\t\t<div class=\"elementor-element elementor-element-ff2b792 elementor-widget elementor-widget-text-editor\" data-id=\"ff2b792\" data-element_type=\"widget\" data-e-type=\"widget\" data-widget_type=\"text-editor.default\">\n\t\t\t\t<div class=\"elementor-widget-container\">\n\t\t\t\t\t\t\t\t\t<p>La UNIVERSIDAD NACIONAL DE EDUCACI\u00d3N A DISTANCIA (en adelante UNED) est\u00e1 especialmente sensibilizada en la protecci\u00f3n de los datos personales de los usuarios de los servicios, a los que se accede a trav\u00e9s de su Web.<\/p><p>Mediante la presente Pol\u00edtica de Privacidad, la UNED informa a los usuarios del espacio www.uned.es en lo referente al tratamiento y usos a los que se someten los datos de car\u00e1cter personal que se recaban en la Web, con el fin de que decidan, libre y voluntariamente, si desean facilitar la informaci\u00f3n solicitada.<\/p><p>La UNED se reserva la facultad de modificar esta Pol\u00edtica con el objeto de adaptarla a novedades legislativas, criterios jurisprudenciales, pr\u00e1cticas del sector, o intereses de la entidad. Cualquier modificaci\u00f3n en la misma ser\u00e1 anunciada con la debida antelaci\u00f3n, a fin de que el usuario tenga perfecto conocimiento de su contenido.<\/p><p>Ciertos servicios prestados en el portal pueden contener condiciones particulares con previsiones espec\u00edficas en materia de protecci\u00f3n de datos personales, pudiendo informarse en los correspondientes apartados.<\/p>\t\t\t\t\t\t\t\t<\/div>\n\t\t\t\t<\/div>\n\t\t\t\t<\/div>\n\t\t\t\t\t<\/div>\n\t\t\t\t<\/div>\n\t\t<div class=\"elementor-element elementor-element-3e8ce68 e-flex e-con-boxed e-con e-parent\" data-id=\"3e8ce68\" data-element_type=\"container\" data-e-type=\"container\">\n\t\t\t\t\t<div class=\"e-con-inner\">\n\t\t<div class=\"elementor-element elementor-element-8495a16 e-con-full e-flex e-con e-child\" data-id=\"8495a16\" data-element_type=\"container\" data-e-type=\"container\">\n\t\t\t\t<div class=\"elementor-element elementor-element-80fa8e7 elementor-widget__width-initial elementor-widget elementor-widget-neuros_heading\" data-id=\"80fa8e7\" data-element_type=\"widget\" data-e-type=\"widget\" data-widget_type=\"neuros_heading.default\">\n\t\t\t\t<div class=\"elementor-widget-container\">\n\t\t\t\t\t<div class=\"neuros-heading-widget\"><h3 class=\"neuros-heading\"><span class=\"neuros-heading-content has_gradient_color_text\">Responsable del tratamiento<\/span><\/h3><\/div>\t\t\t\t<\/div>\n\t\t\t\t<\/div>\n\t\t\t\t<\/div>\n\t\t\t\t\t<\/div>\n\t\t\t\t<\/div>\n\t\t<div class=\"elementor-element elementor-element-f050c85 e-flex e-con-boxed e-con e-parent\" data-id=\"f050c85\" data-element_type=\"container\" data-e-type=\"container\">\n\t\t\t\t\t<div class=\"e-con-inner\">\n\t\t<div class=\"elementor-element elementor-element-7430348 e-con-full e-flex e-con e-child\" data-id=\"7430348\" data-element_type=\"container\" data-e-type=\"container\">\n\t\t\t\t<\/div>\n\t\t<div class=\"elementor-element elementor-element-5b332db e-con-full e-flex e-con e-child\" data-id=\"5b332db\" data-element_type=\"container\" data-e-type=\"container\">\n\t\t\t\t<div class=\"elementor-element elementor-element-1f51b06 elementor-widget elementor-widget-text-editor\" data-id=\"1f51b06\" data-element_type=\"widget\" data-e-type=\"widget\" data-widget_type=\"text-editor.default\">\n\t\t\t\t<div class=\"elementor-widget-container\">\n\t\t\t\t\t\t\t\t\t<p><strong>Nombre del Responsable<\/strong><br \/>UNIVERSIDAD NACIONAL DE EDUCACI\u00d3N A DISTANCIA<br \/><strong>Direcci\u00f3n<\/strong><br \/>Calle Bravo Murillo 38, Madrid, 28015<br \/><strong>Correo electr\u00f3nico<\/strong><br \/><a href=\"mailto:infouned@adm.uned.es\">infouned@adm.uned.es<\/a><br \/><strong>Datos de contacto del Delegado de Protecci\u00f3n de Datos<br \/><\/strong><a href=\"mailto:dpd@adm.uned.es\">dpd@adm.uned.es <\/a><\/p>\t\t\t\t\t\t\t\t<\/div>\n\t\t\t\t<\/div>\n\t\t\t\t<\/div>\n\t\t\t\t\t<\/div>\n\t\t\t\t<\/div>\n\t\t<div class=\"elementor-element elementor-element-3e32cdb e-flex e-con-boxed e-con e-parent\" data-id=\"3e32cdb\" data-element_type=\"container\" data-e-type=\"container\">\n\t\t\t\t\t<div class=\"e-con-inner\">\n\t\t<div class=\"elementor-element elementor-element-e35d660 e-con-full e-flex e-con e-child\" data-id=\"e35d660\" data-element_type=\"container\" data-e-type=\"container\">\n\t\t\t\t<div class=\"elementor-element elementor-element-5f986d0 elementor-widget__width-initial elementor-widget elementor-widget-neuros_heading\" data-id=\"5f986d0\" data-element_type=\"widget\" data-e-type=\"widget\" data-widget_type=\"neuros_heading.default\">\n\t\t\t\t<div class=\"elementor-widget-container\">\n\t\t\t\t\t<div class=\"neuros-heading-widget\"><h3 class=\"neuros-heading\"><span class=\"neuros-heading-content has_gradient_color_text\">Finalidad del tratamiento<\/span><\/h3><\/div>\t\t\t\t<\/div>\n\t\t\t\t<\/div>\n\t\t\t\t<\/div>\n\t\t\t\t\t<\/div>\n\t\t\t\t<\/div>\n\t\t<div class=\"elementor-element elementor-element-f161aaf e-flex e-con-boxed e-con e-parent\" data-id=\"f161aaf\" data-element_type=\"container\" data-e-type=\"container\">\n\t\t\t\t\t<div class=\"e-con-inner\">\n\t\t<div class=\"elementor-element elementor-element-7fef52c e-con-full e-flex e-con e-child\" data-id=\"7fef52c\" data-element_type=\"container\" data-e-type=\"container\">\n\t\t\t\t<\/div>\n\t\t<div class=\"elementor-element elementor-element-1f37212 e-con-full e-flex e-con e-child\" data-id=\"1f37212\" data-element_type=\"container\" data-e-type=\"container\">\n\t\t\t\t<div class=\"elementor-element elementor-element-1e14268 elementor-widget elementor-widget-text-editor\" data-id=\"1e14268\" data-element_type=\"widget\" data-e-type=\"widget\" data-widget_type=\"text-editor.default\">\n\t\t\t\t<div class=\"elementor-widget-container\">\n\t\t\t\t\t\t\t\t\t<p>La UNED tratar\u00e1 sus datos personales con las finalidades indicadas a continuaci\u00f3n, dependiendo de la situaci\u00f3n en que los datos de car\u00e1cter personal sean recogidos.<\/p><p>Se informar\u00e1 en cada caso de la finalidad concreta del tratamiento:<\/p><ul><li>Organizaci\u00f3n de la docencia y el estudio, as\u00ed como el ejercicio de las dem\u00e1s funciones propias del Servicio P\u00fablico de la Educaci\u00f3n Superior, reguladas en la Ley Org\u00e1nica 6\/2001, de 21 de diciembre, de Universidades y en los Estatutos de la UNED.<\/li><li>Seguridad y control de acceso al edificio de la Instituci\u00f3n.<\/li><li>Recogida y tratamiento de la informaci\u00f3n para la gesti\u00f3n del contrato suscrito o de los servicios solicitados.<\/li><li>Gesti\u00f3n de solicitudes de empleo y, en su caso, el proceso selectivo en el que pudiera ser incluido, para la provisi\u00f3n de puestos de trabajo a trav\u00e9s de la gesti\u00f3n de las bolsas de empleo o instrumentos similares, que la UNED ponga en marcha.<\/li><li>Gesti\u00f3n y tramitaci\u00f3n de las solicitudes de personas interesadas en la realizaci\u00f3n de pr\u00e1cticas en calidad de becario en formaci\u00f3n.<\/li><li>Gestionar su participaci\u00f3n en programas de Radio, Televisi\u00f3n u otros medios, producidos por el CEMAV, as\u00ed como las autorizaciones y liquidaciones de las compensaciones econ\u00f3micas que pudieran acordarse por su intervenci\u00f3n en calidad de conferenciante de la UNED.<\/li><\/ul>\t\t\t\t\t\t\t\t<\/div>\n\t\t\t\t<\/div>\n\t\t\t\t<\/div>\n\t\t\t\t\t<\/div>\n\t\t\t\t<\/div>\n\t\t<div class=\"elementor-element elementor-element-cf11a46 e-flex e-con-boxed e-con e-parent\" data-id=\"cf11a46\" data-element_type=\"container\" data-e-type=\"container\">\n\t\t\t\t\t<div class=\"e-con-inner\">\n\t\t<div class=\"elementor-element elementor-element-e9559ab e-con-full e-flex e-con e-child\" data-id=\"e9559ab\" data-element_type=\"container\" data-e-type=\"container\">\n\t\t\t\t<div class=\"elementor-element elementor-element-828ef14 elementor-widget__width-initial elementor-widget elementor-widget-neuros_heading\" data-id=\"828ef14\" data-element_type=\"widget\" data-e-type=\"widget\" data-widget_type=\"neuros_heading.default\">\n\t\t\t\t<div class=\"elementor-widget-container\">\n\t\t\t\t\t<div class=\"neuros-heading-widget\"><h3 class=\"neuros-heading\"><span class=\"neuros-heading-content has_gradient_color_text\">Bases de legitimaci\u00f3n<\/span><\/h3><\/div>\t\t\t\t<\/div>\n\t\t\t\t<\/div>\n\t\t\t\t<\/div>\n\t\t\t\t\t<\/div>\n\t\t\t\t<\/div>\n\t\t<div class=\"elementor-element elementor-element-ac154bd e-flex e-con-boxed e-con e-parent\" data-id=\"ac154bd\" data-element_type=\"container\" data-e-type=\"container\">\n\t\t\t\t\t<div class=\"e-con-inner\">\n\t\t<div class=\"elementor-element elementor-element-95eb83f e-con-full e-flex e-con e-child\" data-id=\"95eb83f\" data-element_type=\"container\" data-e-type=\"container\">\n\t\t\t\t<\/div>\n\t\t<div class=\"elementor-element elementor-element-14623c5 e-con-full e-flex e-con e-child\" data-id=\"14623c5\" data-element_type=\"container\" data-e-type=\"container\">\n\t\t\t\t<div class=\"elementor-element elementor-element-2f5bb75 elementor-widget elementor-widget-text-editor\" data-id=\"2f5bb75\" data-element_type=\"widget\" data-e-type=\"widget\" data-widget_type=\"text-editor.default\">\n\t\t\t\t<div class=\"elementor-widget-container\">\n\t\t\t\t\t\t\t\t\t<p><span style=\"letter-spacing: 0em;\">La UNED tratar\u00e1 sus datos personales de acuerdo con la base de legitimaci\u00f3n de la que se<br \/>informar\u00e1 debidamente al interesado en cada situaci\u00f3n:<\/span><span style=\"letter-spacing: 0em;\">Se informar\u00e1 en cada caso de la finalidad concreta del tratamiento:<\/span><\/p><ul><li>El consentimiento del interesado.<\/li><li>La ejecuci\u00f3n del servicio p\u00fablico de educaci\u00f3n que presta la Universidad.<\/li><li>La ejecuci\u00f3n de un contrato en que el interesado es parte o para la aplicaci\u00f3n a<br \/>petici\u00f3n de este de las medidas precontractuales.<\/li><li>En los tratamientos de control de acceso o Videovigilancia, la base legal ser\u00e1 el inter\u00e9s leg\u00edtimo perseguido por la UNED.<\/li><\/ul>\t\t\t\t\t\t\t\t<\/div>\n\t\t\t\t<\/div>\n\t\t\t\t<\/div>\n\t\t\t\t\t<\/div>\n\t\t\t\t<\/div>\n\t\t<div class=\"elementor-element elementor-element-ca1e94f e-flex e-con-boxed e-con e-parent\" data-id=\"ca1e94f\" data-element_type=\"container\" data-e-type=\"container\">\n\t\t\t\t\t<div class=\"e-con-inner\">\n\t\t<div class=\"elementor-element elementor-element-d53efd1 e-con-full e-flex e-con e-child\" data-id=\"d53efd1\" data-element_type=\"container\" data-e-type=\"container\">\n\t\t\t\t<div class=\"elementor-element elementor-element-3c62884 elementor-widget__width-initial elementor-widget elementor-widget-neuros_heading\" data-id=\"3c62884\" data-element_type=\"widget\" data-e-type=\"widget\" data-widget_type=\"neuros_heading.default\">\n\t\t\t\t<div class=\"elementor-widget-container\">\n\t\t\t\t\t<div class=\"neuros-heading-widget\"><h3 class=\"neuros-heading\"><span class=\"neuros-heading-content has_gradient_color_text\">Plazos de conservaci\u00f3n de los datos<\/span><\/h3><\/div>\t\t\t\t<\/div>\n\t\t\t\t<\/div>\n\t\t\t\t<\/div>\n\t\t\t\t\t<\/div>\n\t\t\t\t<\/div>\n\t\t<div class=\"elementor-element elementor-element-acde0aa e-flex e-con-boxed e-con e-parent\" data-id=\"acde0aa\" data-element_type=\"container\" data-e-type=\"container\">\n\t\t\t\t\t<div class=\"e-con-inner\">\n\t\t<div class=\"elementor-element elementor-element-d347b57 e-con-full e-flex e-con e-child\" data-id=\"d347b57\" data-element_type=\"container\" data-e-type=\"container\">\n\t\t\t\t<\/div>\n\t\t<div class=\"elementor-element elementor-element-4d144a6 e-con-full e-flex e-con e-child\" data-id=\"4d144a6\" data-element_type=\"container\" data-e-type=\"container\">\n\t\t\t\t<div class=\"elementor-element elementor-element-fb25c2c elementor-widget elementor-widget-text-editor\" data-id=\"fb25c2c\" data-element_type=\"widget\" data-e-type=\"widget\" data-widget_type=\"text-editor.default\">\n\t\t\t\t<div class=\"elementor-widget-container\">\n\t\t\t\t\t\t\t\t\t<p>Los datos ser\u00e1n conservados durante el tiempo m\u00ednimo necesario y en cualquier caso durante los plazos legalmente previstos.<\/p><p>La informaci\u00f3n tratada en base a la ejecuci\u00f3n de un contrato, u otro tipo de relaci\u00f3n de servicios ser\u00e1 conservada hasta la finalizaci\u00f3n de la relaci\u00f3n contractual o de la prestaci\u00f3n de servicios.<\/p><p>Las im\u00e1genes grabadas para cumplir con la finalidad de seguridad se conservar\u00e1n por un m\u00e1ximo de un mes.<\/p><p>Se podr\u00e1 proceder al bloqueo y conservaci\u00f3n de las im\u00e1genes para ponerlas a disposici\u00f3n de las Administraciones P\u00fablicas, Jueces y Tribunales, para la atenci\u00f3n de las posibles <br \/>responsabilidades nacidas del tratamiento, durante el plazo de prescripci\u00f3n de \u00e9stas. <br \/>Los datos de los solicitantes de empleo o pr\u00e1cticas formativas ser\u00e1n conservados durante los <br \/>plazos fijados en la convocatoria.<\/p><p>El interesado tiene derecho a revocar su consentimiento en cualquier momento y a ejercer los derechos reconocidos en el Reglamento General de Protecci\u00f3n de Datos (ver apartado VII).<\/p>\t\t\t\t\t\t\t\t<\/div>\n\t\t\t\t<\/div>\n\t\t\t\t<\/div>\n\t\t\t\t\t<\/div>\n\t\t\t\t<\/div>\n\t\t<div class=\"elementor-element elementor-element-e6b7965 e-flex e-con-boxed e-con e-parent\" data-id=\"e6b7965\" data-element_type=\"container\" data-e-type=\"container\">\n\t\t\t\t\t<div class=\"e-con-inner\">\n\t\t<div class=\"elementor-element elementor-element-7f74b95 e-con-full e-flex e-con e-child\" data-id=\"7f74b95\" data-element_type=\"container\" data-e-type=\"container\">\n\t\t\t\t<div class=\"elementor-element elementor-element-9fedfc0 elementor-widget__width-initial elementor-widget elementor-widget-neuros_heading\" data-id=\"9fedfc0\" data-element_type=\"widget\" data-e-type=\"widget\" data-widget_type=\"neuros_heading.default\">\n\t\t\t\t<div class=\"elementor-widget-container\">\n\t\t\t\t\t<div class=\"neuros-heading-widget\"><h3 class=\"neuros-heading\"><span class=\"neuros-heading-content has_gradient_color_text\">Comunicaci\u00f3n de los datos<\/span><\/h3><\/div>\t\t\t\t<\/div>\n\t\t\t\t<\/div>\n\t\t\t\t<\/div>\n\t\t\t\t\t<\/div>\n\t\t\t\t<\/div>\n\t\t<div class=\"elementor-element elementor-element-60e9d53 e-flex e-con-boxed e-con e-parent\" data-id=\"60e9d53\" data-element_type=\"container\" data-e-type=\"container\">\n\t\t\t\t\t<div class=\"e-con-inner\">\n\t\t<div class=\"elementor-element elementor-element-46215c8 e-con-full e-flex e-con e-child\" data-id=\"46215c8\" data-element_type=\"container\" data-e-type=\"container\">\n\t\t\t\t<\/div>\n\t\t<div class=\"elementor-element elementor-element-c40b5fc e-con-full e-flex e-con e-child\" data-id=\"c40b5fc\" data-element_type=\"container\" data-e-type=\"container\">\n\t\t\t\t<div class=\"elementor-element elementor-element-2017d34 elementor-widget elementor-widget-text-editor\" data-id=\"2017d34\" data-element_type=\"widget\" data-e-type=\"widget\" data-widget_type=\"text-editor.default\">\n\t\t\t\t<div class=\"elementor-widget-container\">\n\t\t\t\t\t\t\t\t\t<p>Los datos recabados a trav\u00e9s de la Web s\u00f3lo ser\u00e1n cedidos en aquellos casos en que expresamente se informe de ello al usuario.<\/p><p>Los datos podr\u00e1n ser cedidos, cuando legalmente proceda, a:<\/p><ul><li>Los Centros Asociados a la UNED.<\/li><li>Las Administraciones P\u00fablicas competentes en materia educativa.<\/li><li>Las entidades bancarias, a efectos de la gesti\u00f3n de pagos.<\/li><li>En el caso de que el interesado participe en alg\u00fan programa de Radio, Televisi\u00f3n u<br \/>otros medios, a los titulares de los medios en los que el interesado participe.\u00a0<\/li><li>Gesti\u00f3n y tramitaci\u00f3n de las solicitudes de personas interesadas en la realizaci\u00f3n de pr\u00e1cticas en calidad de becario en formaci\u00f3n.<\/li><li>A la Agencia Tributaria, la Seguridad Social o los Juzgados y Tribunales a requerimiento de estos \u00f3rganos.<\/li><\/ul>\t\t\t\t\t\t\t\t<\/div>\n\t\t\t\t<\/div>\n\t\t\t\t<\/div>\n\t\t\t\t\t<\/div>\n\t\t\t\t<\/div>\n\t\t<div class=\"elementor-element elementor-element-c4233f2 e-flex e-con-boxed e-con e-parent\" data-id=\"c4233f2\" data-element_type=\"container\" data-e-type=\"container\">\n\t\t\t\t\t<div class=\"e-con-inner\">\n\t\t<div class=\"elementor-element elementor-element-929f7a4 e-con-full e-flex e-con e-child\" data-id=\"929f7a4\" data-element_type=\"container\" data-e-type=\"container\">\n\t\t\t\t<div class=\"elementor-element elementor-element-977f9d8 elementor-widget__width-initial elementor-widget elementor-widget-neuros_heading\" data-id=\"977f9d8\" data-element_type=\"widget\" data-e-type=\"widget\" data-widget_type=\"neuros_heading.default\">\n\t\t\t\t<div class=\"elementor-widget-container\">\n\t\t\t\t\t<div class=\"neuros-heading-widget\"><h3 class=\"neuros-heading\"><span class=\"neuros-heading-content has_gradient_color_text\">Derechos de los usuarios<\/span><\/h3><\/div>\t\t\t\t<\/div>\n\t\t\t\t<\/div>\n\t\t\t\t<\/div>\n\t\t\t\t\t<\/div>\n\t\t\t\t<\/div>\n\t\t<div class=\"elementor-element elementor-element-6b57922 e-flex e-con-boxed e-con e-parent\" data-id=\"6b57922\" data-element_type=\"container\" data-e-type=\"container\">\n\t\t\t\t\t<div class=\"e-con-inner\">\n\t\t<div class=\"elementor-element elementor-element-e221106 e-con-full e-flex e-con e-child\" data-id=\"e221106\" data-element_type=\"container\" data-e-type=\"container\">\n\t\t\t\t<\/div>\n\t\t<div class=\"elementor-element elementor-element-be14986 e-con-full e-flex e-con e-child\" data-id=\"be14986\" data-element_type=\"container\" data-e-type=\"container\">\n\t\t\t\t<div class=\"elementor-element elementor-element-6527ce7 elementor-widget elementor-widget-text-editor\" data-id=\"6527ce7\" data-element_type=\"widget\" data-e-type=\"widget\" data-widget_type=\"text-editor.default\">\n\t\t\t\t<div class=\"elementor-widget-container\">\n\t\t\t\t\t\t\t\t\t<p>Podr\u00e1 ejercitar los derechos de Acceso, Rectificaci\u00f3n, Supresi\u00f3n, Limitaci\u00f3n del tratamiento, Portabilidad de los datos u Oposici\u00f3n al tratamiento ante la UNED, C\/ Bravo Murillo 38, Secci\u00f3n de Protecci\u00f3n de Datos, 28015 de Madrid, o en cualquiera de las oficinas que podr\u00e1 encontrar aqu\u00ed, junto con informaci\u00f3n adicional y el formulario: Departamento de Pol\u00edtica Jur\u00eddica de Seguridad de la Informaci\u00f3n, (<a href=\"https:\/\/www.uned.es\/universidad\/inicio\/unidad\/proteccion-datos\/derechos.html\">www.uned.es\/dpj<\/a>) o a trav\u00e9s de la Sede electr\u00f3nica (<a href=\"https:\/\/sede.uned.es\/\">https:\/\/sede.uned.es<\/a>) de la UNED.<\/p><p>El interesado tiene derecho a retirar su consentimiento para el tratamiento de los datos en cualquier momento.<\/p><p>El interesado tiene derecho a presentar una reclamaci\u00f3n ante la Agencia Espa\u00f1ola de Protecci\u00f3n de Datos, en caso de que considere que no se ha atendido correctamente el ejercicio de sus derechos. Para ello puede utilizar los recursos situados en la p\u00e1gina web de la <a href=\"https:\/\/www.aepd.es\/\">AEPD<\/a>.<\/p>\t\t\t\t\t\t\t\t<\/div>\n\t\t\t\t<\/div>\n\t\t\t\t<\/div>\n\t\t\t\t\t<\/div>\n\t\t\t\t<\/div>\n\t\t<div class=\"elementor-element elementor-element-5d9ddf7 e-flex e-con-boxed e-con e-parent\" data-id=\"5d9ddf7\" data-element_type=\"container\" data-e-type=\"container\">\n\t\t\t\t\t<div class=\"e-con-inner\">\n\t\t<div class=\"elementor-element elementor-element-c556a2e e-con-full e-flex e-con e-child\" data-id=\"c556a2e\" data-element_type=\"container\" data-e-type=\"container\">\n\t\t\t\t<div class=\"elementor-element elementor-element-c4e024b elementor-widget__width-initial elementor-widget elementor-widget-neuros_heading\" data-id=\"c4e024b\" data-element_type=\"widget\" data-e-type=\"widget\" data-widget_type=\"neuros_heading.default\">\n\t\t\t\t<div class=\"elementor-widget-container\">\n\t\t\t\t\t<div class=\"neuros-heading-widget\"><h3 class=\"neuros-heading\"><span class=\"neuros-heading-content has_gradient_color_text\">Seguridad de los datos y utilizaci\u00f3n de cookies<\/span><\/h3><\/div>\t\t\t\t<\/div>\n\t\t\t\t<\/div>\n\t\t\t\t<\/div>\n\t\t\t\t\t<\/div>\n\t\t\t\t<\/div>\n\t\t<div class=\"elementor-element elementor-element-c53c7b7 e-flex e-con-boxed e-con e-parent\" data-id=\"c53c7b7\" data-element_type=\"container\" data-e-type=\"container\">\n\t\t\t\t\t<div class=\"e-con-inner\">\n\t\t<div class=\"elementor-element elementor-element-9465b3d e-con-full e-flex e-con e-child\" data-id=\"9465b3d\" data-element_type=\"container\" data-e-type=\"container\">\n\t\t\t\t<\/div>\n\t\t<div class=\"elementor-element elementor-element-afcd4bf e-con-full e-flex e-con e-child\" data-id=\"afcd4bf\" data-element_type=\"container\" data-e-type=\"container\">\n\t\t\t\t<div class=\"elementor-element elementor-element-3b77580 elementor-widget elementor-widget-text-editor\" data-id=\"3b77580\" data-element_type=\"widget\" data-e-type=\"widget\" data-widget_type=\"text-editor.default\">\n\t\t\t\t<div class=\"elementor-widget-container\">\n\t\t\t\t\t\t\t\t\t<p>La UNED aplica las medidas de seguridad t\u00e9cnicas y organizativas apropiadas para garantizar un nivel de seguridad adecuado al riesgo que puede suponer el tratamiento.\u00a0<\/p><p>La UNED utiliza cookies cuando el usuario navega por su p\u00e1gina Web, que son activadas desde el servidor <a href=\"http:\/\/www.uned.es\">www.uned.es<\/a><\/p><p>Las <em>cookies<\/em> son peque\u00f1os ficheros de datos que se alojan en el terminal de la UNED y que contienen cierta informaci\u00f3n de la visita al sitio Web. Se utilizar\u00e1n \u00fanicamente con el fin de facilitar la navegaci\u00f3n de los Usuarios y sin que en ning\u00fan caso sea posible asociar tales cookies a los datos personales concretos de los usuarios ni identificar a \u00e9stos a trav\u00e9s de aqu\u00e9llas. Los usuarios tienen, no obstante, la posibilidad, existente en la mayor\u00eda de navegadores Web, de desactivar o eliminar estas <em>cookies<\/em>.<\/p><p>En concreto este sitio web maneja las siguientes cookies de terceros:<\/p><p>Google Tag Manager y Google Analytics. Puede ampliar informaci\u00f3n sobre el uso de las cookies en la Pol\u00edtica de Privacidad de Google: <a href=\"http:\/\/www.google.com\/intl\/en\/policies\/privacy\/\">http:\/\/www.google.com\/intl\/en\/policies\/privacy\/ <\/a><\/p>\t\t\t\t\t\t\t\t<\/div>\n\t\t\t\t<\/div>\n\t\t\t\t<\/div>\n\t\t\t\t\t<\/div>\n\t\t\t\t<\/div>\n\t\t\t\t<\/div>\n\t\t","protected":false},"excerpt":{"rendered":"<p>La UNIVERSIDAD NACIONAL DE EDUCACI\u00d3N A DISTANCIA (en adelante UNED) est\u00e1 especialmente sensibilizada en la protecci\u00f3n de los datos personales de los usuarios de los servicios, a los que se accede a trav\u00e9s de su Web. Mediante la presente Pol\u00edtica de&#8230;<\/p>\n","protected":false},"author":10,"featured_media":0,"parent":0,"menu_order":0,"comment_status":"closed","ping_status":"closed","template":"","meta":{"footnotes":""},"class_list":["post-29496","page","type-page","status-publish","hentry"],"_links":{"self":[{"href":"https:\/\/srise.informatica.uned.es\/observatorio\/wp-json\/wp\/v2\/pages\/29496","targetHints":{"allow":["GET"]}}],"collection":[{"href":"https:\/\/srise.informatica.uned.es\/observatorio\/wp-json\/wp\/v2\/pages"}],"about":[{"href":"https:\/\/srise.informatica.uned.es\/observatorio\/wp-json\/wp\/v2\/types\/page"}],"author":[{"embeddable":true,"href":"https:\/\/srise.informatica.uned.es\/observatorio\/wp-json\/wp\/v2\/users\/10"}],"replies":[{"embeddable":true,"href":"https:\/\/srise.informatica.uned.es\/observatorio\/wp-json\/wp\/v2\/comments?post=29496"}],"version-history":[{"count":3,"href":"https:\/\/srise.informatica.uned.es\/observatorio\/wp-json\/wp\/v2\/pages\/29496\/revisions"}],"predecessor-version":[{"id":29539,"href":"https:\/\/srise.informatica.uned.es\/observatorio\/wp-json\/wp\/v2\/pages\/29496\/revisions\/29539"}],"wp:attachment":[{"href":"https:\/\/srise.informatica.uned.es\/observatorio\/wp-json\/wp\/v2\/media?parent=29496"}],"curies":[{"name":"wp","href":"https:\/\/api.w.org\/{rel}","templated":true}]}}