{"id":29510,"date":"2024-08-16T01:11:17","date_gmt":"2024-08-16T01:11:17","guid":{"rendered":"https:\/\/srise.informatica.uned.es\/?page_id=29510"},"modified":"2024-09-18T16:47:59","modified_gmt":"2024-09-18T14:47:59","slug":"cookies","status":"publish","type":"page","link":"https:\/\/srise.informatica.uned.es\/observatorio\/cookies\/","title":{"rendered":"Cookies"},"content":{"rendered":"\t\t<div data-elementor-type=\"wp-page\" data-elementor-id=\"29510\" class=\"elementor elementor-29510\">\n\t\t\t\t<div class=\"elementor-element elementor-element-58cd066 e-flex e-con-boxed e-con e-parent\" data-id=\"58cd066\" data-element_type=\"container\" data-e-type=\"container\">\n\t\t\t\t\t<div class=\"e-con-inner\">\n\t\t<div class=\"elementor-element elementor-element-ae316b7 e-con-full e-flex e-con e-child\" data-id=\"ae316b7\" data-element_type=\"container\" data-e-type=\"container\">\n\t\t\t\t<div class=\"elementor-element elementor-element-92aa36b elementor-widget elementor-widget-neuros_heading\" data-id=\"92aa36b\" data-element_type=\"widget\" data-e-type=\"widget\" data-widget_type=\"neuros_heading.default\">\n\t\t\t\t<div class=\"elementor-widget-container\">\n\t\t\t\t\t<div class=\"neuros-heading-widget\"><h3 class=\"neuros-heading\"><span class=\"neuros-heading-content has_gradient_color_text\">Introducci\u00f3n<\/span><\/h3><\/div>\t\t\t\t<\/div>\n\t\t\t\t<\/div>\n\t\t\t\t<\/div>\n\t\t\t\t\t<\/div>\n\t\t\t\t<\/div>\n\t\t<div class=\"elementor-element elementor-element-f5a6117 e-flex e-con-boxed e-con e-parent\" data-id=\"f5a6117\" data-element_type=\"container\" data-e-type=\"container\">\n\t\t\t\t\t<div class=\"e-con-inner\">\n\t\t<div class=\"elementor-element elementor-element-fc3fd22 e-con-full e-flex e-con e-child\" data-id=\"fc3fd22\" data-element_type=\"container\" data-e-type=\"container\">\n\t\t\t\t<\/div>\n\t\t<div class=\"elementor-element elementor-element-47dab79 e-con-full e-flex e-con e-child\" data-id=\"47dab79\" data-element_type=\"container\" data-e-type=\"container\">\n\t\t\t\t<div class=\"elementor-element elementor-element-ff2b792 elementor-widget elementor-widget-text-editor\" data-id=\"ff2b792\" data-element_type=\"widget\" data-e-type=\"widget\" data-widget_type=\"text-editor.default\">\n\t\t\t\t<div class=\"elementor-widget-container\">\n\t\t\t\t\t\t\t\t\t<p class=\"wp-block-heading\">La Universidad Nacional de Educaci\u00f3n a Distancia informa acerca del uso de las cookies en sus p\u00e1ginas web para mejorar los servicios que se prestan a trav\u00e9s de la misma<\/p><p>Las cookies son archivos que se pueden descargar en su equipo a trav\u00e9s de las p\u00e1ginas web. Son herramientas que tienen un papel esencial para la prestaci\u00f3n de numerosos servicios de la sociedad de la informaci\u00f3n. Entre otros, permiten a una p\u00e1gina web almacenar y recuperar informaci\u00f3n sobre los h\u00e1bitos de navegaci\u00f3n de un usuario o de su equipo y, dependiendo de la informaci\u00f3n obtenida, se pueden utilizar para reconocer al usuario y mejorar el servicio ofrecido.<\/p>\t\t\t\t\t\t\t\t<\/div>\n\t\t\t\t<\/div>\n\t\t\t\t<\/div>\n\t\t\t\t\t<\/div>\n\t\t\t\t<\/div>\n\t\t<div class=\"elementor-element elementor-element-3e8ce68 e-flex e-con-boxed e-con e-parent\" data-id=\"3e8ce68\" data-element_type=\"container\" data-e-type=\"container\">\n\t\t\t\t\t<div class=\"e-con-inner\">\n\t\t<div class=\"elementor-element elementor-element-8495a16 e-con-full e-flex e-con e-child\" data-id=\"8495a16\" data-element_type=\"container\" data-e-type=\"container\">\n\t\t\t\t<div class=\"elementor-element elementor-element-80fa8e7 elementor-widget__width-initial elementor-widget elementor-widget-neuros_heading\" data-id=\"80fa8e7\" data-element_type=\"widget\" data-e-type=\"widget\" data-widget_type=\"neuros_heading.default\">\n\t\t\t\t<div class=\"elementor-widget-container\">\n\t\t\t\t\t<div class=\"neuros-heading-widget\"><h3 class=\"neuros-heading\"><span class=\"neuros-heading-content has_gradient_color_text\">Aceptaci\u00f3n de la Pol\u00edtica de cookies<\/span><\/h3><\/div>\t\t\t\t<\/div>\n\t\t\t\t<\/div>\n\t\t\t\t<\/div>\n\t\t\t\t\t<\/div>\n\t\t\t\t<\/div>\n\t\t<div class=\"elementor-element elementor-element-f050c85 e-flex e-con-boxed e-con e-parent\" data-id=\"f050c85\" data-element_type=\"container\" data-e-type=\"container\">\n\t\t\t\t\t<div class=\"e-con-inner\">\n\t\t<div class=\"elementor-element elementor-element-7430348 e-con-full e-flex e-con e-child\" data-id=\"7430348\" data-element_type=\"container\" data-e-type=\"container\">\n\t\t\t\t<\/div>\n\t\t<div class=\"elementor-element elementor-element-5b332db e-con-full e-flex e-con e-child\" data-id=\"5b332db\" data-element_type=\"container\" data-e-type=\"container\">\n\t\t\t\t<div class=\"elementor-element elementor-element-1f51b06 elementor-widget elementor-widget-text-editor\" data-id=\"1f51b06\" data-element_type=\"widget\" data-e-type=\"widget\" data-widget_type=\"text-editor.default\">\n\t\t\t\t<div class=\"elementor-widget-container\">\n\t\t\t\t\t\t\t\t\t<p>La UNED asume que usted acepta el uso de cookies. No obstante, muestra informaci\u00f3n sobre su Pol\u00edtica de cookies en la parte inferior de cualquier p\u00e1gina del portal con cada inicio de sesi\u00f3n con el objeto de que usted sea consciente.<br \/><br \/>Ante esta informaci\u00f3n es posible llevar a cabo las siguientes acciones:<\/p><ul><li>Aceptar cookies. Se trata de una aceptaci\u00f3n t\u00e1cita, siendo una pol\u00edtica aceptada por el hecho de usar el portal web de la UNED.<\/li><li>No aceptar las cookies. Abandonar la navegaci\u00f3n en el portal web de la UNED.<\/li><li>Modificar su configuraci\u00f3n de su navegador. Podr\u00e1 obtener m\u00e1s informaci\u00f3n sobre qu\u00e9 son las cookies, conocer la Pol\u00edtica de cookies de la UNED y modificar la configuraci\u00f3n de su navegador.<\/li><\/ul>\t\t\t\t\t\t\t\t<\/div>\n\t\t\t\t<\/div>\n\t\t\t\t<\/div>\n\t\t\t\t\t<\/div>\n\t\t\t\t<\/div>\n\t\t<div class=\"elementor-element elementor-element-3e32cdb e-flex e-con-boxed e-con e-parent\" data-id=\"3e32cdb\" data-element_type=\"container\" data-e-type=\"container\">\n\t\t\t\t\t<div class=\"e-con-inner\">\n\t\t<div class=\"elementor-element elementor-element-e35d660 e-con-full e-flex e-con e-child\" data-id=\"e35d660\" data-element_type=\"container\" data-e-type=\"container\">\n\t\t\t\t<div class=\"elementor-element elementor-element-5f986d0 elementor-widget__width-initial elementor-widget elementor-widget-neuros_heading\" data-id=\"5f986d0\" data-element_type=\"widget\" data-e-type=\"widget\" data-widget_type=\"neuros_heading.default\">\n\t\t\t\t<div class=\"elementor-widget-container\">\n\t\t\t\t\t<div class=\"neuros-heading-widget\"><h3 class=\"neuros-heading\"><span class=\"neuros-heading-content has_gradient_color_text\">Otra informaci\u00f3n de inter\u00e9s<\/span><\/h3><\/div>\t\t\t\t<\/div>\n\t\t\t\t<\/div>\n\t\t\t\t<\/div>\n\t\t\t\t\t<\/div>\n\t\t\t\t<\/div>\n\t\t<div class=\"elementor-element elementor-element-f161aaf e-flex e-con-boxed e-con e-parent\" data-id=\"f161aaf\" data-element_type=\"container\" data-e-type=\"container\">\n\t\t\t\t\t<div class=\"e-con-inner\">\n\t\t<div class=\"elementor-element elementor-element-7fef52c e-con-full e-flex e-con e-child\" data-id=\"7fef52c\" data-element_type=\"container\" data-e-type=\"container\">\n\t\t\t\t<\/div>\n\t\t<div class=\"elementor-element elementor-element-1f37212 e-con-full e-flex e-con e-child\" data-id=\"1f37212\" data-element_type=\"container\" data-e-type=\"container\">\n\t\t\t\t<div class=\"elementor-element elementor-element-1e14268 elementor-widget elementor-widget-text-editor\" data-id=\"1e14268\" data-element_type=\"widget\" data-e-type=\"widget\" data-widget_type=\"text-editor.default\">\n\t\t\t\t<div class=\"elementor-widget-container\">\n\t\t\t\t\t\t\t\t\t<p><strong>Tipos de cookies<\/strong><\/p><p>Seg\u00fan la entidad que gestione el dominio desde donde se env\u00edan las cookies y trate los datos que se obtengan, se pueden distinguir dos tipos:\u00a0cookies propias y cookies de terceros. Existe tambi\u00e9n una segunda clasificaci\u00f3n seg\u00fan el plazo de tiempo que permanecen almacenadas en el navegador del cliente pudiendo tratarse de cookies de sesi\u00f3n o cookies persistentes.<\/p><p>Por \u00faltimo, existe otra clasificaci\u00f3n con cinco tipos de cookies seg\u00fan la finalidad para la que se traten los datos obtenidos:\u00a0cookies t\u00e9cnicas, cookies de personalizaci\u00f3n, cookies de an\u00e1lisis, cookies publicitarias y cookies de publicidad comportamental. Para m\u00e1s informaci\u00f3n a este respecto puede consultar la <a href=\"http:\/\/www.agpd.es\/portalwebAGPD\/canaldocumentacion\/publicaciones\/common\/Guias\/Guia_Cookies.pdf\">Gu\u00eda sobre el uso de las cookies de la Agencia Espa\u00f1ola de Protecci\u00f3n de Datos<\/a><a href=\"https:\/\/docreader.readspeaker.com\/docreader\/?cid=10872&amp;lang=es_es&amp;url=http%3A%2F%2Fwww.agpd.es%2FportalwebAGPD%2Fcanaldocumentacion%2Fpublicaciones%2Fcommon%2FGuias%2FGuia_Cookies.pdf\" target=\"_blank\" rel=\"noreferrer noopener\">undefined<\/a><\/p><p><strong>Cookies utilizadas en la web de la UNED<\/strong><\/p><p>A continuaci\u00f3n se identifican las cookies que est\u00e1n siendo utilizadas en este portal as\u00ed como su tipolog\u00eda y funci\u00f3n:<\/p><ul class=\"wp-block-list\"><li><strong>Google Analytics.<\/strong>\u00a0En su navegador podr\u00e1 observar esta cookie denominada _ga. Seg\u00fan la tipolog\u00eda anterior se trata de cookies de terceros, de sesi\u00f3n y de an\u00e1lisis. Los datos que se recopilan, procesan y almacenan en la cuenta de la UNED de Google Analytics, est\u00e1n protegidos y se conservan de manera confidencial. Los datos de Google Analytics se utilizan \u00fanicamente para fines estad\u00edsticos, siendo el \u00fanico dato considerado como de car\u00e1cter personal tratado en este servicio la direcci\u00f3n IP.<\/li><\/ul><p>Puede encontrar m\u00e1s informaci\u00f3n al respecto e inhabilitar el uso de estas cookies\u00a0<a href=\"http:\/\/www.google.es\/intl\/es\/analytics\/privacyoverview.html\">www.google.es\/intl\/es\/analytics\/privacyoverview.html<\/a><\/p><p>A trav\u00e9s de la anal\u00edtica web se obtiene informaci\u00f3n relativa al n\u00famero de usuarios que acceden a la web, el n\u00famero de p\u00e1ginas vistas, la frecuencia y repetici\u00f3n de las visitas, su duraci\u00f3n, el navegador utilizado, el operador que presta el servicio, el idioma, el terminal que utiliza, o la ciudad a la que est\u00e1 asignada su direcci\u00f3n IP. Informaci\u00f3n que posibilita un mejor servicio de este portal.<\/p><ul class=\"wp-block-list\"><li><strong>UsuarioUNEDv2.<\/strong>\u00a0Cookie de sesi\u00f3n (con un periodo de validez de 12 horas), propia y de tipo t\u00e9cnico, cookie firmada digitalmente \u00fanicamente es accesible por otros sistemas mediante SSL. Permite la navegaci\u00f3n por el portal de forma personalizada, adem\u00e1s de permitir mediante una \u00fanica validaci\u00f3n del usuario en el portal, acceder a otros sistemas y\/o servicios de forma transparente, sin necesidad de tener que volver a identificarse<\/li><li><strong>ASP.NET_SessionId.<\/strong>\u00a0Cookie de tipo t\u00e9cnico, propia y de sesi\u00f3n. Cookie generada por el servidor. Esta cookie permite almacenar un identificador \u00fanico por sesi\u00f3n a trav\u00e9s del que es posible vincular datos necesarios para posibilitar la navegaci\u00f3n en curso.<\/li><li><strong>SSO_SesionID.<\/strong>\u00a0Cookie de tipo t\u00e9cnico, propia y de sesi\u00f3n. Empleada por el portal corporativo para gestion de privilegios del usuario.<\/li><li><strong>JSESSIONID.<\/strong> Cookie de tipo t\u00e9cnico, propia y de sesi\u00f3n. Empleada por componente java del servidor para posibilitar la navegaci\u00f3n en curso.<\/li><\/ul><p><strong>C\u00f3mo modificar la configuraci\u00f3n de las cookies<\/strong><\/p><p>Usted puede restringir, bloquear o borrar las cookies de la Universidad Nacional de Educaci\u00f3n a Distancia o cualquier otra p\u00e1gina web, utilizando su navegador. En cada navegador la operativa es diferente, la funci\u00f3n de \u2018Ayuda\u201d le mostrar\u00e1 c\u00f3mo hacerlo.<\/p><ul><li><a href=\"http:\/\/windows.microsoft.com\/es-xl\/internet-explorer\/delete-manage-cookies#ie=ie-10\" target=\"_blank\" rel=\"noopener\">Internet Explorer<\/a><\/li><li><a href=\"https:\/\/support.mozilla.org\/es\/kb\/Borrar%20cookies\" target=\"_blank\" rel=\"noopener\">FireFox<\/a><\/li><li><a href=\"https:\/\/support.mozilla.org\/es\/kb\/Borrar%20cookies\" target=\"_blank\" rel=\"noopener\">Chrome<\/a><\/li><li><a href=\"http:\/\/www.apple.com\/es\/privacy\/use-of-cookies\/\" target=\"_blank\" rel=\"noopener\">Safari<\/a><\/li><\/ul>\t\t\t\t\t\t\t\t<\/div>\n\t\t\t\t<\/div>\n\t\t\t\t<\/div>\n\t\t\t\t\t<\/div>\n\t\t\t\t<\/div>\n\t\t\t\t<\/div>\n\t\t","protected":false},"excerpt":{"rendered":"<p>La Universidad Nacional de Educaci\u00f3n a Distancia informa acerca del uso de las cookies en sus p\u00e1ginas web para mejorar los servicios que se prestan a trav\u00e9s de la misma Las cookies son archivos que se pueden descargar en su equipo&#8230;<\/p>\n","protected":false},"author":10,"featured_media":0,"parent":0,"menu_order":0,"comment_status":"closed","ping_status":"closed","template":"","meta":{"footnotes":""},"class_list":["post-29510","page","type-page","status-publish","hentry"],"_links":{"self":[{"href":"https:\/\/srise.informatica.uned.es\/observatorio\/wp-json\/wp\/v2\/pages\/29510","targetHints":{"allow":["GET"]}}],"collection":[{"href":"https:\/\/srise.informatica.uned.es\/observatorio\/wp-json\/wp\/v2\/pages"}],"about":[{"href":"https:\/\/srise.informatica.uned.es\/observatorio\/wp-json\/wp\/v2\/types\/page"}],"author":[{"embeddable":true,"href":"https:\/\/srise.informatica.uned.es\/observatorio\/wp-json\/wp\/v2\/users\/10"}],"replies":[{"embeddable":true,"href":"https:\/\/srise.informatica.uned.es\/observatorio\/wp-json\/wp\/v2\/comments?post=29510"}],"version-history":[{"count":3,"href":"https:\/\/srise.informatica.uned.es\/observatorio\/wp-json\/wp\/v2\/pages\/29510\/revisions"}],"predecessor-version":[{"id":29542,"href":"https:\/\/srise.informatica.uned.es\/observatorio\/wp-json\/wp\/v2\/pages\/29510\/revisions\/29542"}],"wp:attachment":[{"href":"https:\/\/srise.informatica.uned.es\/observatorio\/wp-json\/wp\/v2\/media?parent=29510"}],"curies":[{"name":"wp","href":"https:\/\/api.w.org\/{rel}","templated":true}]}}