{"id":8,"date":"2024-05-12T14:41:19","date_gmt":"2024-05-12T12:41:19","guid":{"rendered":"https:\/\/srise.informatica.uned.es\/observatorio\/?page_id=8"},"modified":"2024-12-03T14:17:50","modified_gmt":"2024-12-03T13:17:50","slug":"colaboracion","status":"publish","type":"page","link":"https:\/\/srise.informatica.uned.es\/observatorio\/colaboracion\/","title":{"rendered":"Colaboraci\u00f3n"},"content":{"rendered":"\t\t<div data-elementor-type=\"wp-page\" data-elementor-id=\"8\" class=\"elementor elementor-8\">\n\t\t\t\t<div class=\"elementor-element elementor-element-23a13fdb e-flex e-con-boxed e-con e-parent\" data-id=\"23a13fdb\" data-element_type=\"container\" data-e-type=\"container\">\n\t\t\t\t\t<div class=\"e-con-inner\">\n\t\t\t\t<div class=\"elementor-element elementor-element-28c9bb1f elementor-widget elementor-widget-text-editor\" data-id=\"28c9bb1f\" data-element_type=\"widget\" data-e-type=\"widget\" data-widget_type=\"text-editor.default\">\n\t\t\t\t<div class=\"elementor-widget-container\">\n\t\t\t\t\t\t\t\t\t<h3><span class=\"TextRun SCXW230036231 BCX8\" lang=\"ES-ES\" style=\"color: #f96f4c;\" xml:lang=\"ES-ES\" data-contrast=\"auto\"><span class=\"NormalTextRun SCXW230036231 BCX8\">Servicios que ofrece el observatorio tecnol\u00f3gico<\/span><\/span><\/h3>\t\t\t\t\t\t\t\t<\/div>\n\t\t\t\t<\/div>\n\t\t\t\t\t<\/div>\n\t\t\t\t<\/div>\n\t\t<div class=\"elementor-element elementor-element-2de92db e-flex e-con-boxed e-con e-parent\" data-id=\"2de92db\" data-element_type=\"container\" data-e-type=\"container\">\n\t\t\t\t\t<div class=\"e-con-inner\">\n\t\t\t\t<div class=\"elementor-element elementor-element-df81e07 elementor-widget elementor-widget-text-editor\" data-id=\"df81e07\" data-element_type=\"widget\" data-e-type=\"widget\" data-widget_type=\"text-editor.default\">\n\t\t\t\t<div class=\"elementor-widget-container\">\n\t\t\t\t\t\t\t\t\t<ul><li><p><span style=\"color: #5b125f;\">Seguimiento y difusi\u00f3n activa del estado del arte en investigaci\u00f3n, tecnolog\u00edas y adopci\u00f3n de las principales t\u00e9cnicas y disciplinas que usan la Inteligencia Artificial en el \u00e1mbito de IoT y m\u00e1s concretamente en entornos rurales (entornos con limitaciones).<\/span><\/p><\/li><li><p><span style=\"color: #5b125f;\">Sensibilizar sobre las ventajas e inconvenientes de esta aplicaci\u00f3n de la IA en diferentes dominios, como puede ser el desarrollo de infraestructuras digitales en pueblos.<br \/><\/span><\/p><\/li><li><p><span style=\"color: #000000;\"><span style=\"color: #5b125f;\">\u00a0Instruir sobre la gesti\u00f3n eficiente de energ\u00eda, la agricultura (de precisi\u00f3n) o conservaci\u00f3n de patrimonio rural.\u00a0<\/span><br \/><\/span><\/p><\/li><\/ul>\t\t\t\t\t\t\t\t<\/div>\n\t\t\t\t<\/div>\n\t\t\t\t\t<\/div>\n\t\t\t\t<\/div>\n\t\t<div class=\"elementor-element elementor-element-0d57fe8 e-flex e-con-boxed e-con e-parent\" data-id=\"0d57fe8\" data-element_type=\"container\" data-e-type=\"container\">\n\t\t\t\t\t<div class=\"e-con-inner\">\n\t\t\t\t<div class=\"elementor-element elementor-element-ed0cbea elementor-widget elementor-widget-text-editor\" data-id=\"ed0cbea\" data-element_type=\"widget\" data-e-type=\"widget\" data-widget_type=\"text-editor.default\">\n\t\t\t\t<div class=\"elementor-widget-container\">\n\t\t\t\t\t\t\t\t\t<h3><span style=\"color: #f96f4c;\">Mecanismos de colaboraci\u00f3n<\/span><\/h3>\t\t\t\t\t\t\t\t<\/div>\n\t\t\t\t<\/div>\n\t\t\t\t\t<\/div>\n\t\t\t\t<\/div>\n\t\t<div class=\"elementor-element elementor-element-ed9d90b e-flex e-con-boxed e-con e-parent\" data-id=\"ed9d90b\" data-element_type=\"container\" data-e-type=\"container\">\n\t\t\t\t\t<div class=\"e-con-inner\">\n\t\t\t\t<div class=\"elementor-element elementor-element-c7495c7 elementor-widget elementor-widget-text-editor\" data-id=\"c7495c7\" data-element_type=\"widget\" data-e-type=\"widget\" data-widget_type=\"text-editor.default\">\n\t\t\t\t<div class=\"elementor-widget-container\">\n\t\t\t\t\t\t\t\t\t<ul><li><span style=\"color: #5b125f;\">El observatorio contactar\u00e1 y contar\u00e1 con los grupos de investigaci\u00f3n cuyas tem\u00e1ticas est\u00e1n asociadas a la tem\u00e1tica de esta c\u00e1tedra internacional.<\/span><\/li><li><span style=\"color: #5b125f;\">Estos grupos de colaboraci\u00f3n podr\u00edan formar parte de la comunidad acad\u00e9mica, los centros tecnol\u00f3gicos, y las organizaciones acad\u00e9micas<\/span><br \/><span style=\"color: #5b125f;\">internacionales.<\/span><\/li><\/ul>\t\t\t\t\t\t\t\t<\/div>\n\t\t\t\t<\/div>\n\t\t\t\t\t<\/div>\n\t\t\t\t<\/div>\n\t\t<div class=\"elementor-element elementor-element-a1d3efd e-flex e-con-boxed e-con e-parent\" data-id=\"a1d3efd\" data-element_type=\"container\" data-e-type=\"container\">\n\t\t\t\t\t<div class=\"e-con-inner\">\n\t\t\t\t<div class=\"elementor-element elementor-element-77b4280 elementor-widget elementor-widget-text-editor\" data-id=\"77b4280\" data-element_type=\"widget\" data-e-type=\"widget\" data-widget_type=\"text-editor.default\">\n\t\t\t\t<div class=\"elementor-widget-container\">\n\t\t\t\t\t\t\t\t\t<h3><span style=\"color: #f96f4c;\">Principales colaboraciones<\/span><\/h3>\t\t\t\t\t\t\t\t<\/div>\n\t\t\t\t<\/div>\n\t\t\t\t\t<\/div>\n\t\t\t\t<\/div>\n\t\t<div class=\"elementor-element elementor-element-0104bbc elementor-hidden-desktop elementor-hidden-tablet elementor-hidden-mobile e-flex e-con-boxed e-con e-parent\" data-id=\"0104bbc\" data-element_type=\"container\" data-e-type=\"container\">\n\t\t\t\t\t<div class=\"e-con-inner\">\n\t\t\t\t<div class=\"elementor-element elementor-element-d96f2fc elementor-widget elementor-widget-text-editor\" data-id=\"d96f2fc\" data-element_type=\"widget\" data-e-type=\"widget\" data-widget_type=\"text-editor.default\">\n\t\t\t\t<div class=\"elementor-widget-container\">\n\t\t\t\t\t\t\t\t\t<p><span class=\"TextRun SCXW249715696 BCX8\" lang=\"ES-ES\" style=\"color: #5b125f;\" xml:lang=\"ES-ES\" data-contrast=\"auto\"><span class=\"NormalTextRun SCXW249715696 BCX8\">Cuando existan colaboraciones, destacaremos aqu\u00ed las principales colaboraciones, pudiendo a\u00f1adir los logotipos de las empresas e instituciones.<\/span><\/span><\/p>\t\t\t\t\t\t\t\t<\/div>\n\t\t\t\t<\/div>\n\t\t\t\t\t<\/div>\n\t\t\t\t<\/div>\n\t\t\t\t<\/div>\n\t\t","protected":false},"excerpt":{"rendered":"<p>Servicios que ofrece el observatorio tecnol\u00f3gico Seguimiento y difusi\u00f3n activa del estado del arte en investigaci\u00f3n, tecnolog\u00edas y adopci\u00f3n de las principales t\u00e9cnicas y disciplinas que usan la Inteligencia Artificial en el \u00e1mbito de IoT y m\u00e1s concretamente en entornos rurales&#8230;<\/p>\n","protected":false},"author":6,"featured_media":0,"parent":0,"menu_order":0,"comment_status":"closed","ping_status":"closed","template":"","meta":{"footnotes":""},"class_list":["post-8","page","type-page","status-publish","hentry"],"_links":{"self":[{"href":"https:\/\/srise.informatica.uned.es\/observatorio\/wp-json\/wp\/v2\/pages\/8","targetHints":{"allow":["GET"]}}],"collection":[{"href":"https:\/\/srise.informatica.uned.es\/observatorio\/wp-json\/wp\/v2\/pages"}],"about":[{"href":"https:\/\/srise.informatica.uned.es\/observatorio\/wp-json\/wp\/v2\/types\/page"}],"author":[{"embeddable":true,"href":"https:\/\/srise.informatica.uned.es\/observatorio\/wp-json\/wp\/v2\/users\/6"}],"replies":[{"embeddable":true,"href":"https:\/\/srise.informatica.uned.es\/observatorio\/wp-json\/wp\/v2\/comments?post=8"}],"version-history":[{"count":28,"href":"https:\/\/srise.informatica.uned.es\/observatorio\/wp-json\/wp\/v2\/pages\/8\/revisions"}],"predecessor-version":[{"id":29710,"href":"https:\/\/srise.informatica.uned.es\/observatorio\/wp-json\/wp\/v2\/pages\/8\/revisions\/29710"}],"wp:attachment":[{"href":"https:\/\/srise.informatica.uned.es\/observatorio\/wp-json\/wp\/v2\/media?parent=8"}],"curies":[{"name":"wp","href":"https:\/\/api.w.org\/{rel}","templated":true}]}}